{"id":9999,"date":"2021-04-16T13:32:33","date_gmt":"2021-04-16T11:32:33","guid":{"rendered":"https:\/\/shop.allnav.ch\/shop\/unkategorisiert\/tsc5-pince-de-serrage-pour-la-canne\/"},"modified":"2025-12-11T14:19:24","modified_gmt":"2025-12-11T13:19:24","slug":"tsc5-pince-de-serrage-pour-la-canne","status":"publish","type":"product","link":"https:\/\/shop.allnav.ch\/fr\/produkt\/accessoires-trimble\/unites-de-controle\/tsc510-fr\/tsc5-pince-de-serrage-pour-la-canne\/","title":{"rendered":"TSC510, TSC7 &amp; TSC5 &#8211; Pince de serrage pour la canne"},"content":{"rendered":"<p>Cette pince de serrage est compatible avec le support de canne TSC5 et TSC7.<br \/>\nLe bras amovible comprend 3 options de fixation pour le support de canne.<br \/>\nLa pince de serrage (avec le support\/bras et le TSC5 d\u00e9tach\u00e9s) restant sur la canne s&rsquo;adapte \u00e0 l&rsquo;int\u00e9rieur d&rsquo;un tube de 10 cm (4&Prime;).<\/p>\n","protected":false},"excerpt":{"rendered":"<p>Cette pince de serrage est compatible avec le support de canne TSC5 et TSC7. Le bras amovible comprend 3 options de fixation pour le support de canne. La pince de serrage (avec le support\/bras et le TSC5 d\u00e9tach\u00e9s) restant sur la canne s&rsquo;adapte \u00e0 l&rsquo;int\u00e9rieur d&rsquo;un tube de 10 cm (4&Prime;).<\/p>\n","protected":false},"featured_media":10015,"template":"","meta":[],"product_brand":[],"product_cat":[568,502],"product_tag":[],"class_list":{"0":"post-9999","1":"product","2":"type-product","3":"status-publish","4":"has-post-thumbnail","6":"product_cat-tsc510-fr","7":"product_cat-trimble-tsc7-fr","9":"first","10":"onbackorder","11":"taxable","12":"shipping-taxable","13":"purchasable","14":"product-type-simple"},"_links":{"self":[{"href":"https:\/\/shop.allnav.ch\/fr\/wp-json\/wp\/v2\/product\/9999","targetHints":{"allow":["GET"]}}],"collection":[{"href":"https:\/\/shop.allnav.ch\/fr\/wp-json\/wp\/v2\/product"}],"about":[{"href":"https:\/\/shop.allnav.ch\/fr\/wp-json\/wp\/v2\/types\/product"}],"wp:featuredmedia":[{"embeddable":true,"href":"https:\/\/shop.allnav.ch\/fr\/wp-json\/wp\/v2\/media\/10015"}],"wp:attachment":[{"href":"https:\/\/shop.allnav.ch\/fr\/wp-json\/wp\/v2\/media?parent=9999"}],"wp:term":[{"taxonomy":"product_brand","embeddable":true,"href":"https:\/\/shop.allnav.ch\/fr\/wp-json\/wp\/v2\/product_brand?post=9999"},{"taxonomy":"product_cat","embeddable":true,"href":"https:\/\/shop.allnav.ch\/fr\/wp-json\/wp\/v2\/product_cat?post=9999"},{"taxonomy":"product_tag","embeddable":true,"href":"https:\/\/shop.allnav.ch\/fr\/wp-json\/wp\/v2\/product_tag?post=9999"}],"curies":[{"name":"wp","href":"https:\/\/api.w.org\/{rel}","templated":true}]}}