{"id":9997,"date":"2021-04-16T13:32:28","date_gmt":"2021-04-16T11:32:28","guid":{"rendered":"https:\/\/shop.allnav.ch\/shop\/unkategorisiert\/tsc5-cable-de-charge-avec-adaptateur-reseau\/"},"modified":"2023-12-13T18:23:03","modified_gmt":"2023-12-13T17:23:03","slug":"tsc5-cable-de-charge-avec-adaptateur-reseau","status":"publish","type":"product","link":"https:\/\/shop.allnav.ch\/fr\/produkt\/accessoires-trimble\/unites-de-controle\/tsc510-fr\/tsc5-cable-de-charge-avec-adaptateur-reseau\/","title":{"rendered":"TDC600 &amp; TDC650 &amp; TSC5 &#8211; C\u00e2ble de charge avec adaptateur r\u00e9seau"},"content":{"rendered":"<p>Kit de chargeur adaptateur secteur international (comprend un chargeur mural 45W (58X46X28mm) avec un port femelle USB-C PD,\u00a0fiche NA avec adaptateurs r\u00e9gionaux (EU,UK,SAA), et un c\u00e2ble USB-C (m\u00e2le) vers USB-C (m\u00e2le) pour la charge et le transfert de donn\u00e9es.<br \/>\nLe c\u00e2ble peut \u00eatre connect\u00e9 \u00e0 l&rsquo;adaptateur secteur et au TSC5 pour la charge, ou du contr\u00f4leur TSC5 \u00e0 un ordinateur pour le transfert de donn\u00e9es.<\/p>\n","protected":false},"excerpt":{"rendered":"<p>Kit de chargeur adaptateur secteur international (comprend un chargeur mural 45W (58X46X28mm) avec un port femelle USB-C PD,\u00a0fiche NA avec adaptateurs r\u00e9gionaux (EU,UK,SAA), et un c\u00e2ble USB-C (m\u00e2le) vers USB-C (m\u00e2le) pour la charge et le transfert de donn\u00e9es. Le c\u00e2ble peut \u00eatre connect\u00e9 \u00e0 l&rsquo;adaptateur secteur et au TSC5 pour la charge, ou du [&hellip;]<\/p>\n","protected":false},"featured_media":10013,"template":"","meta":[],"product_brand":[],"product_cat":[568],"product_tag":[],"class_list":{"0":"post-9997","1":"product","2":"type-product","3":"status-publish","4":"has-post-thumbnail","6":"product_cat-tsc510-fr","8":"first","9":"instock","10":"taxable","11":"shipping-taxable","12":"purchasable","13":"product-type-simple"},"_links":{"self":[{"href":"https:\/\/shop.allnav.ch\/fr\/wp-json\/wp\/v2\/product\/9997","targetHints":{"allow":["GET"]}}],"collection":[{"href":"https:\/\/shop.allnav.ch\/fr\/wp-json\/wp\/v2\/product"}],"about":[{"href":"https:\/\/shop.allnav.ch\/fr\/wp-json\/wp\/v2\/types\/product"}],"wp:featuredmedia":[{"embeddable":true,"href":"https:\/\/shop.allnav.ch\/fr\/wp-json\/wp\/v2\/media\/10013"}],"wp:attachment":[{"href":"https:\/\/shop.allnav.ch\/fr\/wp-json\/wp\/v2\/media?parent=9997"}],"wp:term":[{"taxonomy":"product_brand","embeddable":true,"href":"https:\/\/shop.allnav.ch\/fr\/wp-json\/wp\/v2\/product_brand?post=9997"},{"taxonomy":"product_cat","embeddable":true,"href":"https:\/\/shop.allnav.ch\/fr\/wp-json\/wp\/v2\/product_cat?post=9997"},{"taxonomy":"product_tag","embeddable":true,"href":"https:\/\/shop.allnav.ch\/fr\/wp-json\/wp\/v2\/product_tag?post=9997"}],"curies":[{"name":"wp","href":"https:\/\/api.w.org\/{rel}","templated":true}]}}