{"id":9991,"date":"2021-04-16T13:32:13","date_gmt":"2021-04-16T11:32:13","guid":{"rendered":"https:\/\/shop.allnav.ch\/shop\/unkategorisiert\/tsc5-feuille-de-protection-decran\/"},"modified":"2025-12-11T14:17:42","modified_gmt":"2025-12-11T13:17:42","slug":"tsc5-feuille-de-protection-decran","status":"publish","type":"product","link":"https:\/\/shop.allnav.ch\/fr\/produkt\/accessoires-trimble\/unites-de-controle\/tsc510-fr\/tsc5-feuille-de-protection-decran\/","title":{"rendered":"TSC510 &amp; TSC5 &#8211; Feuille de protection d&rsquo;\u00e9cran"},"content":{"rendered":"<p>Protecteur d&rsquo;\u00e9cran en verre TSC5 (Standard Ultra Clair), comprend un protecteur d&rsquo;\u00e9cran en verre, un chiffon de nettoyage, une lingette alcoolis\u00e9e et un autocollant anti-poussi\u00e8re. Trimble recommande de toujours utiliser une protection d&rsquo;\u00e9cran.<\/p>\n","protected":false},"excerpt":{"rendered":"<p>Protecteur d&rsquo;\u00e9cran en verre TSC5 (Standard Ultra Clair), comprend un protecteur d&rsquo;\u00e9cran en verre, un chiffon de nettoyage, une lingette alcoolis\u00e9e et un autocollant anti-poussi\u00e8re. Trimble recommande de toujours utiliser une protection d&rsquo;\u00e9cran.<\/p>\n","protected":false},"featured_media":10007,"template":"","meta":[],"product_brand":[],"product_cat":[568],"product_tag":[],"class_list":{"0":"post-9991","1":"product","2":"type-product","3":"status-publish","4":"has-post-thumbnail","6":"product_cat-tsc510-fr","8":"first","9":"instock","10":"taxable","11":"shipping-taxable","12":"purchasable","13":"product-type-simple"},"_links":{"self":[{"href":"https:\/\/shop.allnav.ch\/fr\/wp-json\/wp\/v2\/product\/9991","targetHints":{"allow":["GET"]}}],"collection":[{"href":"https:\/\/shop.allnav.ch\/fr\/wp-json\/wp\/v2\/product"}],"about":[{"href":"https:\/\/shop.allnav.ch\/fr\/wp-json\/wp\/v2\/types\/product"}],"wp:featuredmedia":[{"embeddable":true,"href":"https:\/\/shop.allnav.ch\/fr\/wp-json\/wp\/v2\/media\/10007"}],"wp:attachment":[{"href":"https:\/\/shop.allnav.ch\/fr\/wp-json\/wp\/v2\/media?parent=9991"}],"wp:term":[{"taxonomy":"product_brand","embeddable":true,"href":"https:\/\/shop.allnav.ch\/fr\/wp-json\/wp\/v2\/product_brand?post=9991"},{"taxonomy":"product_cat","embeddable":true,"href":"https:\/\/shop.allnav.ch\/fr\/wp-json\/wp\/v2\/product_cat?post=9991"},{"taxonomy":"product_tag","embeddable":true,"href":"https:\/\/shop.allnav.ch\/fr\/wp-json\/wp\/v2\/product_tag?post=9991"}],"curies":[{"name":"wp","href":"https:\/\/api.w.org\/{rel}","templated":true}]}}