{"id":9989,"date":"2021-04-16T13:32:05","date_gmt":"2021-04-16T11:32:05","guid":{"rendered":"https:\/\/shop.allnav.ch\/shop\/unkategorisiert\/cable-usb-a-male-a-usb-c-male\/"},"modified":"2023-12-13T17:52:12","modified_gmt":"2023-12-13T16:52:12","slug":"cable-usb-a-male-a-usb-c-male","status":"publish","type":"product","link":"https:\/\/shop.allnav.ch\/fr\/produkt\/accessoires-trimble\/unites-de-controle\/tsc510-fr\/cable-usb-a-male-a-usb-c-male\/","title":{"rendered":"C\u00e2ble USB-A (male) \u00e0 USB-C (male)"},"content":{"rendered":"<p>C\u00e2ble de transfert de donn\u00e9es de l&rsquo;USB 3.1 Type-A (m\u00e2le) \u00e0 l&rsquo;USB-Type-C (m\u00e2le), Longueur 1.0 m<\/p>\n","protected":false},"excerpt":{"rendered":"<p>C\u00e2ble de transfert de donn\u00e9es de l&rsquo;USB 3.1 Type-A (m\u00e2le) \u00e0 l&rsquo;USB-Type-C (m\u00e2le), Longueur 1.0 m<\/p>\n","protected":false},"featured_media":10011,"template":"","meta":[],"product_brand":[],"product_cat":[568],"product_tag":[],"class_list":{"0":"post-9989","1":"product","2":"type-product","3":"status-publish","4":"has-post-thumbnail","6":"product_cat-tsc510-fr","8":"first","9":"instock","10":"taxable","11":"shipping-taxable","12":"purchasable","13":"product-type-simple"},"_links":{"self":[{"href":"https:\/\/shop.allnav.ch\/fr\/wp-json\/wp\/v2\/product\/9989","targetHints":{"allow":["GET"]}}],"collection":[{"href":"https:\/\/shop.allnav.ch\/fr\/wp-json\/wp\/v2\/product"}],"about":[{"href":"https:\/\/shop.allnav.ch\/fr\/wp-json\/wp\/v2\/types\/product"}],"wp:featuredmedia":[{"embeddable":true,"href":"https:\/\/shop.allnav.ch\/fr\/wp-json\/wp\/v2\/media\/10011"}],"wp:attachment":[{"href":"https:\/\/shop.allnav.ch\/fr\/wp-json\/wp\/v2\/media?parent=9989"}],"wp:term":[{"taxonomy":"product_brand","embeddable":true,"href":"https:\/\/shop.allnav.ch\/fr\/wp-json\/wp\/v2\/product_brand?post=9989"},{"taxonomy":"product_cat","embeddable":true,"href":"https:\/\/shop.allnav.ch\/fr\/wp-json\/wp\/v2\/product_cat?post=9989"},{"taxonomy":"product_tag","embeddable":true,"href":"https:\/\/shop.allnav.ch\/fr\/wp-json\/wp\/v2\/product_tag?post=9989"}],"curies":[{"name":"wp","href":"https:\/\/api.w.org\/{rel}","templated":true}]}}