{"id":9915,"date":"2021-04-16T11:55:41","date_gmt":"2021-04-16T09:55:41","guid":{"rendered":"https:\/\/shop.allnav.ch\/shop\/unkategorisiert\/t100-protection-decran\/"},"modified":"2023-12-13T17:53:19","modified_gmt":"2023-12-13T16:53:19","slug":"t100-protection-decran","status":"publish","type":"product","link":"https:\/\/shop.allnav.ch\/fr\/produkt\/accessoires-trimble\/unites-de-controle\/t100-fr\/t100-protection-decran\/","title":{"rendered":"T100 &#8211; Protection d&rsquo;\u00e9cran"},"content":{"rendered":"<p>Protecteur d&rsquo;\u00e9cran T100 (Standard Ultra Clair) &#8211; comprend un protecteur d&rsquo;\u00e9cran en verre, un chiffon de nettoyage, une lingette alcoolis\u00e9e et un autocollant anti-poussi\u00e8re. Trimble recommande de toujours utiliser une protection d&rsquo;\u00e9cran.<\/p>\n","protected":false},"excerpt":{"rendered":"<p>Protecteur d&rsquo;\u00e9cran T100 (Standard Ultra Clair) &#8211; comprend un protecteur d&rsquo;\u00e9cran en verre, un chiffon de nettoyage, une lingette alcoolis\u00e9e et un autocollant anti-poussi\u00e8re. Trimble recommande de toujours utiliser une protection d&rsquo;\u00e9cran.<\/p>\n","protected":false},"featured_media":9937,"template":"","meta":[],"product_brand":[],"product_cat":[565],"product_tag":[],"class_list":{"0":"post-9915","1":"product","2":"type-product","3":"status-publish","4":"has-post-thumbnail","6":"product_cat-t100-fr","8":"first","9":"instock","10":"taxable","11":"shipping-taxable","12":"purchasable","13":"product-type-simple"},"_links":{"self":[{"href":"https:\/\/shop.allnav.ch\/fr\/wp-json\/wp\/v2\/product\/9915","targetHints":{"allow":["GET"]}}],"collection":[{"href":"https:\/\/shop.allnav.ch\/fr\/wp-json\/wp\/v2\/product"}],"about":[{"href":"https:\/\/shop.allnav.ch\/fr\/wp-json\/wp\/v2\/types\/product"}],"wp:featuredmedia":[{"embeddable":true,"href":"https:\/\/shop.allnav.ch\/fr\/wp-json\/wp\/v2\/media\/9937"}],"wp:attachment":[{"href":"https:\/\/shop.allnav.ch\/fr\/wp-json\/wp\/v2\/media?parent=9915"}],"wp:term":[{"taxonomy":"product_brand","embeddable":true,"href":"https:\/\/shop.allnav.ch\/fr\/wp-json\/wp\/v2\/product_brand?post=9915"},{"taxonomy":"product_cat","embeddable":true,"href":"https:\/\/shop.allnav.ch\/fr\/wp-json\/wp\/v2\/product_cat?post=9915"},{"taxonomy":"product_tag","embeddable":true,"href":"https:\/\/shop.allnav.ch\/fr\/wp-json\/wp\/v2\/product_tag?post=9915"}],"curies":[{"name":"wp","href":"https:\/\/api.w.org\/{rel}","templated":true}]}}