{"id":9809,"date":"2021-02-22T17:59:38","date_gmt":"2021-02-22T16:59:38","guid":{"rendered":"https:\/\/shop.allnav.ch\/shop\/unkategorisiert\/sensefly-smartcharger-without-cable-s65-2\/"},"modified":"2023-04-17T17:39:09","modified_gmt":"2023-04-17T15:39:09","slug":"sensefly-smartcharger-without-cable-s65-2","status":"publish","type":"product","link":"https:\/\/shop.allnav.ch\/fr\/produkt\/drones-uas\/sensefly-fr\/ebee-geo-fr\/sensefly-smartcharger-without-cable-s65-2\/","title":{"rendered":"senseFly SmartCharger (without cable), S65"},"content":{"rendered":"<p>Ce dispositif intelligent vous permet de mieux g\u00e9rer les batteries de vos drones eBee, pour des performances optimis\u00e9es et un stockage plus s\u00fbr. Chargez ou d\u00e9chargez les batteries pour : 100% (charge de vol), 70% (charge de stockage) ou 30% (charge d&rsquo;exp\u00e9dition).<\/p>\n","protected":false},"excerpt":{"rendered":"<p>Ce dispositif intelligent vous permet de mieux g\u00e9rer les batteries de vos drones eBee, pour des performances optimis\u00e9es et un stockage plus s\u00fbr. Chargez ou d\u00e9chargez les batteries pour : 100% (charge de vol), 70% (charge de stockage) ou 30% (charge d&rsquo;exp\u00e9dition).<\/p>\n","protected":false},"featured_media":9835,"template":"","meta":[],"product_brand":[],"product_cat":[562,505],"product_tag":[],"class_list":{"0":"post-9809","1":"product","2":"type-product","3":"status-publish","4":"has-post-thumbnail","6":"product_cat-ebee-geo-fr","7":"product_cat-ebee-x","9":"first","10":"onbackorder","11":"taxable","12":"shipping-taxable","13":"purchasable","14":"product-type-simple"},"_links":{"self":[{"href":"https:\/\/shop.allnav.ch\/fr\/wp-json\/wp\/v2\/product\/9809","targetHints":{"allow":["GET"]}}],"collection":[{"href":"https:\/\/shop.allnav.ch\/fr\/wp-json\/wp\/v2\/product"}],"about":[{"href":"https:\/\/shop.allnav.ch\/fr\/wp-json\/wp\/v2\/types\/product"}],"wp:featuredmedia":[{"embeddable":true,"href":"https:\/\/shop.allnav.ch\/fr\/wp-json\/wp\/v2\/media\/9835"}],"wp:attachment":[{"href":"https:\/\/shop.allnav.ch\/fr\/wp-json\/wp\/v2\/media?parent=9809"}],"wp:term":[{"taxonomy":"product_brand","embeddable":true,"href":"https:\/\/shop.allnav.ch\/fr\/wp-json\/wp\/v2\/product_brand?post=9809"},{"taxonomy":"product_cat","embeddable":true,"href":"https:\/\/shop.allnav.ch\/fr\/wp-json\/wp\/v2\/product_cat?post=9809"},{"taxonomy":"product_tag","embeddable":true,"href":"https:\/\/shop.allnav.ch\/fr\/wp-json\/wp\/v2\/product_tag?post=9809"}],"curies":[{"name":"wp","href":"https:\/\/api.w.org\/{rel}","templated":true}]}}