{"id":9650,"date":"2020-11-10T17:56:37","date_gmt":"2020-11-10T16:56:37","guid":{"rendered":"https:\/\/shop.allnav.ch\/shop\/unkategorisiert\/prisme-360-constante-2-mm\/"},"modified":"2024-07-11T11:27:52","modified_gmt":"2024-07-11T09:27:52","slug":"prisme-360-constante-2-mm","status":"publish","type":"product","link":"https:\/\/shop.allnav.ch\/fr\/produkt\/accessoires-trimble\/stations-totales-trimble\/trimble-s-series-f\/prismes-2\/prisme-360-constante-2-mm\/","title":{"rendered":"Prisme 360\u00b0, constante 2 mm"},"content":{"rendered":"<p>Comprend un adaptateur de hauteur pour la hauteur de cible standard Trimble (135 mm). L&rsquo;adaptateur de hauteur est utilis\u00e9 en conjonction avec la canne t\u00e9lescopique.<\/p>\n<p>Ce prisme de 360 est compatible avec tous les instruments optiques et supporte \u00e9galement tous les r\u00e9cepteurs GNSS pour les lev\u00e9s int\u00e9gr\u00e9s avec un filetage 5\/8e int\u00e9gr\u00e9. Une bulle de nivellement est \u00e9galement incluse, int\u00e9gr\u00e9e dans le filetage 5\/8e.<\/p>\n<p>Des marques perpendiculaires sur le capuchon du prisme simplifient les mesures de d\u00e9calage.<\/p>\n<p>Constante de prisme : +2 mm<\/p>\n<p>D\u00e9calage du relev\u00e9 int\u00e9gr\u00e9 de 34 mm<\/p>\n","protected":false},"excerpt":{"rendered":"<p>Comprend un adaptateur de hauteur pour la hauteur de cible standard Trimble (135 mm). L&rsquo;adaptateur de hauteur est utilis\u00e9 en conjonction avec la canne t\u00e9lescopique. Ce prisme de 360 est compatible avec tous les instruments optiques et supporte \u00e9galement tous les r\u00e9cepteurs GNSS pour les lev\u00e9s int\u00e9gr\u00e9s avec un filetage 5\/8e int\u00e9gr\u00e9. Une bulle de [&hellip;]<\/p>\n","protected":false},"featured_media":9669,"template":"","meta":[],"product_brand":[],"product_cat":[242,316,542],"product_tag":[],"class_list":{"0":"post-9650","1":"product","2":"type-product","3":"status-publish","4":"has-post-thumbnail","6":"product_cat-prisme-standard","7":"product_cat-prismes-2","8":"product_cat-trimble-sx-series-fr","10":"first","11":"instock","12":"taxable","13":"shipping-taxable","14":"purchasable","15":"product-type-simple"},"_links":{"self":[{"href":"https:\/\/shop.allnav.ch\/fr\/wp-json\/wp\/v2\/product\/9650","targetHints":{"allow":["GET"]}}],"collection":[{"href":"https:\/\/shop.allnav.ch\/fr\/wp-json\/wp\/v2\/product"}],"about":[{"href":"https:\/\/shop.allnav.ch\/fr\/wp-json\/wp\/v2\/types\/product"}],"wp:featuredmedia":[{"embeddable":true,"href":"https:\/\/shop.allnav.ch\/fr\/wp-json\/wp\/v2\/media\/9669"}],"wp:attachment":[{"href":"https:\/\/shop.allnav.ch\/fr\/wp-json\/wp\/v2\/media?parent=9650"}],"wp:term":[{"taxonomy":"product_brand","embeddable":true,"href":"https:\/\/shop.allnav.ch\/fr\/wp-json\/wp\/v2\/product_brand?post=9650"},{"taxonomy":"product_cat","embeddable":true,"href":"https:\/\/shop.allnav.ch\/fr\/wp-json\/wp\/v2\/product_cat?post=9650"},{"taxonomy":"product_tag","embeddable":true,"href":"https:\/\/shop.allnav.ch\/fr\/wp-json\/wp\/v2\/product_tag?post=9650"}],"curies":[{"name":"wp","href":"https:\/\/api.w.org\/{rel}","templated":true}]}}