{"id":9556,"date":"2020-09-24T11:30:15","date_gmt":"2020-09-24T09:30:15","guid":{"rendered":"https:\/\/shop.allnav.ch\/shop\/unkategorisiert\/tdc600-support-de-station-totale\/"},"modified":"2025-02-12T16:02:47","modified_gmt":"2025-02-12T15:02:47","slug":"tdc600-support-de-station-totale","status":"publish","type":"product","link":"https:\/\/shop.allnav.ch\/fr\/produkt\/accessoires-trimble\/stations-totales-trimble\/trimble-s-series-f\/accessoires-instrument\/tdc600-support-de-station-totale\/","title":{"rendered":"TDC600 &#8211; Support de station totale"},"content":{"rendered":"<p>Support permettant de fixer m\u00e9caniquement le contr\u00f4leur Trimble TDC600 \u00e0 un instrument Trimble de la s\u00e9rie S. <br class=\"avia-permanent-lb\" \/>La connexion \u00e0 l&rsquo;instrument se fait par Bluetooth. Pour les op\u00e9rations robotiques, le contr\u00f4leur TDC600 peut \u00eatre reli\u00e9 \u00e0 une radio Trimble TDL2.4.<\/p>\n","protected":false},"excerpt":{"rendered":"<p>Support permettant de fixer m\u00e9caniquement le contr\u00f4leur Trimble TDC600 \u00e0 un instrument Trimble de la s\u00e9rie S. La connexion \u00e0 l&rsquo;instrument se fait par Bluetooth. Pour les op\u00e9rations robotiques, le contr\u00f4leur TDC600 peut \u00eatre reli\u00e9 \u00e0 une radio Trimble TDL2.4.<\/p>\n","protected":false},"featured_media":9564,"template":"","meta":[],"product_brand":[],"product_cat":[328,545],"product_tag":[],"class_list":{"0":"post-9556","1":"product","2":"type-product","3":"status-publish","4":"has-post-thumbnail","6":"product_cat-accessoires-instrument","7":"product_cat-trimble-tdc600-fr","9":"first","10":"instock","11":"taxable","12":"shipping-taxable","13":"purchasable","14":"product-type-simple"},"_links":{"self":[{"href":"https:\/\/shop.allnav.ch\/fr\/wp-json\/wp\/v2\/product\/9556","targetHints":{"allow":["GET"]}}],"collection":[{"href":"https:\/\/shop.allnav.ch\/fr\/wp-json\/wp\/v2\/product"}],"about":[{"href":"https:\/\/shop.allnav.ch\/fr\/wp-json\/wp\/v2\/types\/product"}],"wp:featuredmedia":[{"embeddable":true,"href":"https:\/\/shop.allnav.ch\/fr\/wp-json\/wp\/v2\/media\/9564"}],"wp:attachment":[{"href":"https:\/\/shop.allnav.ch\/fr\/wp-json\/wp\/v2\/media?parent=9556"}],"wp:term":[{"taxonomy":"product_brand","embeddable":true,"href":"https:\/\/shop.allnav.ch\/fr\/wp-json\/wp\/v2\/product_brand?post=9556"},{"taxonomy":"product_cat","embeddable":true,"href":"https:\/\/shop.allnav.ch\/fr\/wp-json\/wp\/v2\/product_cat?post=9556"},{"taxonomy":"product_tag","embeddable":true,"href":"https:\/\/shop.allnav.ch\/fr\/wp-json\/wp\/v2\/product_tag?post=9556"}],"curies":[{"name":"wp","href":"https:\/\/api.w.org\/{rel}","templated":true}]}}