{"id":9323,"date":"2020-05-21T17:38:14","date_gmt":"2020-05-21T15:38:14","guid":{"rendered":"https:\/\/shop.allnav.ch\/shop\/unkategorisiert\/canne-en-carbone-avec-conduit-pour-cable-fixe-2-m\/"},"modified":"2020-05-21T17:55:49","modified_gmt":"2020-05-21T15:55:49","slug":"canne-en-carbone-avec-conduit-pour-cable-fixe-2-m","status":"publish","type":"product","link":"https:\/\/shop.allnav.ch\/fr\/produkt\/accessoires-trimble\/trimble-gnss-fr\/geo-7x\/canne-en-carbone-avec-conduit-pour-cable-fixe-2-m\/","title":{"rendered":"Canne en carbone avec conduit pour c\u00e2ble, fixe 2 m"},"content":{"rendered":"<p>Cette canne l\u00e9g\u00e8re est id\u00e9ale pour les applications GPS.<br \/>\nCanne en deux parties d&rsquo;une hauteur fixe de 2 m\u00e8tres.<br \/>\nNivelle sph\u00e9rique 40&prime;<br \/>\nConduit pour c\u00e2bles int\u00e9gr\u00e9 pour cacher le c\u00e2ble d&rsquo;antenne \u00e0 l&rsquo;int\u00e9rieur<br \/>\nPoids : 1,21 kg<\/p>\n","protected":false},"excerpt":{"rendered":"<p>Cette canne l\u00e9g\u00e8re est id\u00e9ale pour les applications GPS. Canne en deux parties d&rsquo;une hauteur fixe de 2 m\u00e8tres. Nivelle sph\u00e9rique 40&prime; Conduit pour c\u00e2bles int\u00e9gr\u00e9 pour cacher le c\u00e2ble d&rsquo;antenne \u00e0 l&rsquo;int\u00e9rieur Poids : 1,21 kg<\/p>\n","protected":false},"featured_media":9326,"template":"","meta":[],"product_brand":[],"product_cat":[570,489],"product_tag":[],"class_list":{"0":"post-9323","1":"product","2":"type-product","3":"status-publish","4":"has-post-thumbnail","6":"product_cat-cannes-de-gnss","7":"product_cat-geo-7x","9":"first","10":"instock","11":"taxable","12":"shipping-taxable","13":"purchasable","14":"product-type-simple"},"_links":{"self":[{"href":"https:\/\/shop.allnav.ch\/fr\/wp-json\/wp\/v2\/product\/9323","targetHints":{"allow":["GET"]}}],"collection":[{"href":"https:\/\/shop.allnav.ch\/fr\/wp-json\/wp\/v2\/product"}],"about":[{"href":"https:\/\/shop.allnav.ch\/fr\/wp-json\/wp\/v2\/types\/product"}],"wp:featuredmedia":[{"embeddable":true,"href":"https:\/\/shop.allnav.ch\/fr\/wp-json\/wp\/v2\/media\/9326"}],"wp:attachment":[{"href":"https:\/\/shop.allnav.ch\/fr\/wp-json\/wp\/v2\/media?parent=9323"}],"wp:term":[{"taxonomy":"product_brand","embeddable":true,"href":"https:\/\/shop.allnav.ch\/fr\/wp-json\/wp\/v2\/product_brand?post=9323"},{"taxonomy":"product_cat","embeddable":true,"href":"https:\/\/shop.allnav.ch\/fr\/wp-json\/wp\/v2\/product_cat?post=9323"},{"taxonomy":"product_tag","embeddable":true,"href":"https:\/\/shop.allnav.ch\/fr\/wp-json\/wp\/v2\/product_tag?post=9323"}],"curies":[{"name":"wp","href":"https:\/\/api.w.org\/{rel}","templated":true}]}}