{"id":8886,"date":"2020-04-30T16:04:37","date_gmt":"2020-04-30T14:04:37","guid":{"rendered":"https:\/\/shop.allnav.ch\/shop\/unkategorisiert\/sac-a-dos-pour-trimble-s-serie\/"},"modified":"2023-12-13T18:47:30","modified_gmt":"2023-12-13T17:47:30","slug":"sac-a-dos-pour-trimble-s-serie","status":"publish","type":"product","link":"https:\/\/shop.allnav.ch\/fr\/produkt\/accessoires-trimble\/stations-totales-trimble\/trimble-s-series-f\/accessoires-instrument\/sac-a-dos-pour-trimble-s-serie\/","title":{"rendered":"Sac \u00e0 dos pour Trimble S-Serie"},"content":{"rendered":"<p>Sac \u00e0 dos softshell pour instruments Trimble s\u00e9rie S et VX<\/p>\n<ul>\n<li>Compartiment principal avec insert en mousse pour tous les instruments de la s\u00e9rie S et VX de Trimble<\/li>\n<li>Grande poche frontale pour l&rsquo;unit\u00e9 de contr\u00f4le<\/li>\n<li>Petite poche frontale pour le rangement de petits objets<\/li>\n<li>Pochettes lat\u00e9rales pour un rangement suppl\u00e9mentaire, par exemple pour les batteries<\/li>\n<li>Syst\u00e8me de sangles sur les deux c\u00f4t\u00e9s et le fond du sac \u00e0 dos pour fixer du mat\u00e9riel suppl\u00e9mentaire<\/li>\n<\/ul>\n<p>Attention: ne pas compatible avec Trimble SX10<\/p>\n","protected":false},"excerpt":{"rendered":"<p>Sac \u00e0 dos softshell pour instruments Trimble s\u00e9rie S et VX Compartiment principal avec insert en mousse pour tous les instruments de la s\u00e9rie S et VX de Trimble Grande poche frontale pour l&rsquo;unit\u00e9 de contr\u00f4le Petite poche frontale pour le rangement de petits objets Pochettes lat\u00e9rales pour un rangement suppl\u00e9mentaire, par exemple pour les [&hellip;]<\/p>\n","protected":false},"featured_media":8890,"template":"","meta":[],"product_brand":[],"product_cat":[328,474],"product_tag":[],"class_list":{"0":"post-8886","1":"product","2":"type-product","3":"status-publish","4":"has-post-thumbnail","6":"product_cat-accessoires-instrument","7":"product_cat-actuel","9":"first","10":"onbackorder","11":"taxable","12":"shipping-taxable","13":"purchasable","14":"product-type-simple"},"_links":{"self":[{"href":"https:\/\/shop.allnav.ch\/fr\/wp-json\/wp\/v2\/product\/8886","targetHints":{"allow":["GET"]}}],"collection":[{"href":"https:\/\/shop.allnav.ch\/fr\/wp-json\/wp\/v2\/product"}],"about":[{"href":"https:\/\/shop.allnav.ch\/fr\/wp-json\/wp\/v2\/types\/product"}],"wp:featuredmedia":[{"embeddable":true,"href":"https:\/\/shop.allnav.ch\/fr\/wp-json\/wp\/v2\/media\/8890"}],"wp:attachment":[{"href":"https:\/\/shop.allnav.ch\/fr\/wp-json\/wp\/v2\/media?parent=8886"}],"wp:term":[{"taxonomy":"product_brand","embeddable":true,"href":"https:\/\/shop.allnav.ch\/fr\/wp-json\/wp\/v2\/product_brand?post=8886"},{"taxonomy":"product_cat","embeddable":true,"href":"https:\/\/shop.allnav.ch\/fr\/wp-json\/wp\/v2\/product_cat?post=8886"},{"taxonomy":"product_tag","embeddable":true,"href":"https:\/\/shop.allnav.ch\/fr\/wp-json\/wp\/v2\/product_tag?post=8886"}],"curies":[{"name":"wp","href":"https:\/\/api.w.org\/{rel}","templated":true}]}}