{"id":7649,"date":"2019-03-25T15:16:27","date_gmt":"2019-03-25T14:16:27","guid":{"rendered":"https:\/\/shop.allnav.ch\/shop\/non%20class\u00e9\/formations-drones-2\/"},"modified":"2024-12-03T13:53:51","modified_gmt":"2024-12-03T12:53:51","slug":"formations-drones-2","status":"publish","type":"product","link":"https:\/\/shop.allnav.ch\/fr\/produkt\/drones-uas\/formations-et-support\/formations-drones-2\/","title":{"rendered":"Formations aux drones"},"content":{"rendered":"<p>Nous vous proposons des formations personnalis\u00e9es autour de nos drones.<\/p>\n<p>&nbsp;<\/p>\n<div  class='flex_column av-12p4i9-99861125c2f03eb2490cfdb6d7e3c24e av_one_third  avia-builder-el-0  el_before_av_one_third  avia-builder-el-first  first flex_column_div  '     ><h3>Bases<\/h3>\n<p><strong>Contenu de la formation<\/strong> :<\/p>\n<p>Droit a\u00e9rien \/ espace a\u00e9rien<\/p>\n<p>M\u00e9t\u00e9orologie<\/p>\n<p>Gestion des risques<\/p>\n<p>Journal de bord, listes de contr\u00f4le<\/p><\/div>\n<div  class='flex_column av-8pf669-68ce89e4697b0e7e74fa602528ec4993 av_one_third  avia-builder-el-1  el_after_av_one_third  el_before_av_one_third  flex_column_div  '     ><h3>Produits<\/h3>\n<p><strong>Contenu de la formation :<\/strong><\/p>\n<p>Aper\u00e7u des syst\u00e8mes<\/p>\n<p>Planification des vols<\/p>\n<p>Formation pratique au pilotage*:<\/p>\n<ul>\n<li>Vol automatique<\/li>\n<li>Vol manuel<\/li>\n<\/ul>\n<p>Situations de d\u00e9tresse*<\/p>\n<p><em>* seulement en classe<\/em><\/p><\/div>\n<div  class='flex_column av-7e4pld-edec40a387d4862e32ae5db08425bddd av_one_third  avia-builder-el-2  el_after_av_one_third  el_before_av_one_third  flex_column_div  '     ><h3>Analyse des donn\u00e9es<\/h3>\n<p><strong>Contenu de la formation :\u00a0<\/strong><\/p>\n<p>Introduction \u00e0 la photogramm\u00e9trie<\/p>\n<p>Post-traitement avec Trimble Business Center<\/p>\n<p>Cr\u00e9er des r\u00e9sultats<\/p>\n<p>Analyse des rapports et des r\u00e9sultats<\/p><\/div>\n<p>&nbsp;<\/p>\n<div  class='flex_column av-55nrgx-b605a7cdd23d389639d4574685e588f2 av_one_third  avia-builder-el-3  el_after_av_one_third  el_before_av_one_third  first flex_column_div  column-top-margin'     ><p><strong>Dur\u00e9e<\/strong>: 1 heure<\/p><\/div>\n<div  class='flex_column av-4v0qw1-77499725aa94706ef108843253519530 av_one_third  avia-builder-el-4  el_after_av_one_third  el_before_av_one_third  flex_column_div  column-top-margin'     ><p><strong>Dur\u00e9e<\/strong>: 3 heure (Online: 1 h)<\/p><\/div>\n<div  class='flex_column av-2y6e7l-940c8be0d921cfa9d7bf4ab45baedafa av_one_third  avia-builder-el-5  el_after_av_one_third  avia-builder-el-last  flex_column_div  column-top-margin'     ><p><strong>Dur\u00e9e<\/strong>: 2 heures<\/p><\/div>\n<p>&nbsp;<\/p>\n<p><strong>Nombre de participants<\/strong> :<\/p>\n<p>1 \u2013 3 participants (le prix est par formation, pas par participant)<\/p>\n<p>&nbsp;<\/p>\n<p><strong>Formation en ligne :<\/strong><\/p>\n<p>La formation en ligne a lieu par le biais d&rsquo;un webinaire priv\u00e9 en direct. L&rsquo;interaction entre les participants et les formateurs ALLNAV est donc possible.<\/p>\n<p>Apr\u00e8s la r\u00e9servation dans notre shop online, notre \u00e9quipe de support vous contactera pour fixer un rendez-vous pour la formation en ligne.<\/p>\n<p>&nbsp;<\/p>\n<p><strong>Formation en classe :<\/strong><\/p>\n<p>La formation en classe a lieu dans notre centre de formation \u00e0 Villeneuve. (Formation chez le client: sur demande).<\/p>\n<p>Apr\u00e8s la r\u00e9servation dans la boutique, notre support vous contactera pour prendre rendez-vous pour la formation.<\/p>\n<p>&nbsp;<\/p>\n<p><strong>Support :<\/strong><br \/>\nLes questions par t\u00e9l\u00e9phone ou par courriel seront trait\u00e9es par nos ing\u00e9nieurs de support.<\/p>\n<ul>\n<li>Forfait par cas : CHF 80.00 (y compris 15 minutes d&rsquo;assistance)<\/li>\n<li>par 15 minutes suppl\u00e9mentaires : CHF 40.00<\/li>\n<\/ul>\n","protected":false},"excerpt":{"rendered":"<p>Nous vous proposons des formations individuelles autour de nos drones.<\/p>\n","protected":false},"featured_media":7566,"template":"","meta":[],"product_brand":[],"product_cat":[523],"product_tag":[],"class_list":{"0":"post-7649","1":"product","2":"type-product","3":"status-publish","4":"has-post-thumbnail","6":"product_cat-formations-et-support","8":"first","9":"instock","10":"taxable","11":"shipping-taxable","12":"product-type-grouped"},"_links":{"self":[{"href":"https:\/\/shop.allnav.ch\/fr\/wp-json\/wp\/v2\/product\/7649","targetHints":{"allow":["GET"]}}],"collection":[{"href":"https:\/\/shop.allnav.ch\/fr\/wp-json\/wp\/v2\/product"}],"about":[{"href":"https:\/\/shop.allnav.ch\/fr\/wp-json\/wp\/v2\/types\/product"}],"wp:featuredmedia":[{"embeddable":true,"href":"https:\/\/shop.allnav.ch\/fr\/wp-json\/wp\/v2\/media\/7566"}],"wp:attachment":[{"href":"https:\/\/shop.allnav.ch\/fr\/wp-json\/wp\/v2\/media?parent=7649"}],"wp:term":[{"taxonomy":"product_brand","embeddable":true,"href":"https:\/\/shop.allnav.ch\/fr\/wp-json\/wp\/v2\/product_brand?post=7649"},{"taxonomy":"product_cat","embeddable":true,"href":"https:\/\/shop.allnav.ch\/fr\/wp-json\/wp\/v2\/product_cat?post=7649"},{"taxonomy":"product_tag","embeddable":true,"href":"https:\/\/shop.allnav.ch\/fr\/wp-json\/wp\/v2\/product_tag?post=7649"}],"curies":[{"name":"wp","href":"https:\/\/api.w.org\/{rel}","templated":true}]}}