{"id":7555,"date":"2019-03-25T10:08:23","date_gmt":"2019-03-25T09:08:23","guid":{"rendered":"https:\/\/shop.allnav.ch\/shop\/unkategorisiert\/formation-de-base-uas-online\/"},"modified":"2019-03-26T10:02:08","modified_gmt":"2019-03-26T09:02:08","slug":"formation-de-base-uas-online","status":"publish","type":"product","link":"https:\/\/shop.allnav.ch\/fr\/produkt\/drones-uas\/formations-et-support\/formation-de-base-uas-online\/","title":{"rendered":"Formation de base UAS, Online"},"content":{"rendered":"<p><strong>Contenu de la formation<\/strong> :<\/p>\n<ul>\n<li>Droit a\u00e9rien \/ espace a\u00e9rien<\/li>\n<li>M\u00e9t\u00e9orologie<\/li>\n<li>Gestion des risques<\/li>\n<li>Journal de bord, listes de contr\u00f4le<\/li>\n<\/ul>\n<p><strong>Dur\u00e9e<\/strong> : 1 heure<\/p>\n<p><strong>Nombre de participants<\/strong> : 1 &#8211; 3 participants (le prix est par formation, pas par participant)<\/p>\n<p>&nbsp;<\/p>\n<p><strong>Formation en ligne :<\/strong><\/p>\n<p>La formation en ligne a lieu par le biais d&rsquo;un webinaire priv\u00e9 en direct. L&rsquo;interaction entre les participants et les formateurs ALLNAV est donc possible.<\/p>\n<p>Apr\u00e8s la r\u00e9servation dans notre shop online, notre \u00e9quipe de support vous contactera pour fixer un rendez-vous pour la formation en ligne.<\/p>\n<p>&nbsp;<\/p>\n<p><strong>Support :<\/strong><br \/>\nLes questions par t\u00e9l\u00e9phone ou par courriel seront trait\u00e9es par nos ing\u00e9nieurs de support.<\/p>\n<ul>\n<li>Forfait par cas : CHF 80.00 (y compris 15 minutes d&rsquo;assistance)<\/li>\n<li>par 15 minutes suppl\u00e9mentaires : CHF 40.00<\/li>\n<\/ul>\n","protected":false},"excerpt":{"rendered":"<p>Contenu de la formation : Droit a\u00e9rien \/ espace a\u00e9rien M\u00e9t\u00e9orologie Gestion des risques Journal de bord, listes de contr\u00f4le Dur\u00e9e : 1 heure Nombre de participants : 1 &#8211; 3 participants (le prix est par formation, pas par participant) &nbsp; Formation en ligne : La formation en ligne a lieu par le biais d&rsquo;un [&hellip;]<\/p>\n","protected":false},"featured_media":7566,"template":"","meta":[],"product_brand":[],"product_cat":[523],"product_tag":[],"class_list":{"0":"post-7555","1":"product","2":"type-product","3":"status-publish","4":"has-post-thumbnail","6":"product_cat-formations-et-support","8":"first","9":"instock","10":"virtual","11":"taxable","12":"purchasable","13":"product-type-simple"},"_links":{"self":[{"href":"https:\/\/shop.allnav.ch\/fr\/wp-json\/wp\/v2\/product\/7555","targetHints":{"allow":["GET"]}}],"collection":[{"href":"https:\/\/shop.allnav.ch\/fr\/wp-json\/wp\/v2\/product"}],"about":[{"href":"https:\/\/shop.allnav.ch\/fr\/wp-json\/wp\/v2\/types\/product"}],"wp:featuredmedia":[{"embeddable":true,"href":"https:\/\/shop.allnav.ch\/fr\/wp-json\/wp\/v2\/media\/7566"}],"wp:attachment":[{"href":"https:\/\/shop.allnav.ch\/fr\/wp-json\/wp\/v2\/media?parent=7555"}],"wp:term":[{"taxonomy":"product_brand","embeddable":true,"href":"https:\/\/shop.allnav.ch\/fr\/wp-json\/wp\/v2\/product_brand?post=7555"},{"taxonomy":"product_cat","embeddable":true,"href":"https:\/\/shop.allnav.ch\/fr\/wp-json\/wp\/v2\/product_cat?post=7555"},{"taxonomy":"product_tag","embeddable":true,"href":"https:\/\/shop.allnav.ch\/fr\/wp-json\/wp\/v2\/product_tag?post=7555"}],"curies":[{"name":"wp","href":"https:\/\/api.w.org\/{rel}","templated":true}]}}