{"id":7553,"date":"2019-03-25T10:08:20","date_gmt":"2019-03-25T09:08:20","guid":{"rendered":"https:\/\/shop.allnav.ch\/shop\/unkategorisiert\/formation-de-base-uas-classroom\/"},"modified":"2019-03-26T10:02:46","modified_gmt":"2019-03-26T09:02:46","slug":"formation-de-base-uas-classroom","status":"publish","type":"product","link":"https:\/\/shop.allnav.ch\/fr\/produkt\/drones-uas\/formations-et-support\/formation-de-base-uas-classroom\/","title":{"rendered":"Formation de base UAS, Classroom"},"content":{"rendered":"<p><strong>Contenu de la formation<\/strong> :<\/p>\n<ul>\n<li>Droit a\u00e9rien \/ espace a\u00e9rien<\/li>\n<li>M\u00e9t\u00e9orologie<\/li>\n<li>Gestion des risques<\/li>\n<li>Journal de bord, listes de contr\u00f4le<\/li>\n<\/ul>\n<p><strong>Dur\u00e9e<\/strong> : 1 heure<\/p>\n<p><strong>Nombre de participants<\/strong> : 1 &#8211; 3 participants (le prix est par formation, pas par participant)<\/p>\n<p>&nbsp;<\/p>\n<p><strong>Formation en classe :<\/strong><\/p>\n<p>La formation en classe a lieu dans notre centre de formation \u00e0 Villeneuve. (Formation chez le client: sur demande).<\/p>\n<p>Apr\u00e8s la r\u00e9servation dans la boutique, notre support vous contactera pour prendre rendez-vous pour la formation.<\/p>\n<p>&nbsp;<\/p>\n<p><strong>Support :<\/strong><br \/>\nLes questions par t\u00e9l\u00e9phone ou par courriel seront trait\u00e9es par nos ing\u00e9nieurs de support.<\/p>\n<ul>\n<li>Forfait par cas : CHF 80.00 (y compris 15 minutes d&rsquo;assistance)<\/li>\n<li>par 15 minutes suppl\u00e9mentaires : CHF 40.00<\/li>\n<\/ul>\n","protected":false},"excerpt":{"rendered":"<p>Contenu de la formation : Droit a\u00e9rien \/ espace a\u00e9rien M\u00e9t\u00e9orologie Gestion des risques Journal de bord, listes de contr\u00f4le Dur\u00e9e : 1 heure Nombre de participants : 1 &#8211; 3 participants (le prix est par formation, pas par participant) &nbsp; Formation en classe : La formation en classe a lieu dans notre centre de [&hellip;]<\/p>\n","protected":false},"featured_media":7566,"template":"","meta":[],"product_brand":[],"product_cat":[523],"product_tag":[],"class_list":{"0":"post-7553","1":"product","2":"type-product","3":"status-publish","4":"has-post-thumbnail","6":"product_cat-formations-et-support","8":"first","9":"instock","10":"virtual","11":"taxable","12":"purchasable","13":"product-type-simple"},"_links":{"self":[{"href":"https:\/\/shop.allnav.ch\/fr\/wp-json\/wp\/v2\/product\/7553","targetHints":{"allow":["GET"]}}],"collection":[{"href":"https:\/\/shop.allnav.ch\/fr\/wp-json\/wp\/v2\/product"}],"about":[{"href":"https:\/\/shop.allnav.ch\/fr\/wp-json\/wp\/v2\/types\/product"}],"wp:featuredmedia":[{"embeddable":true,"href":"https:\/\/shop.allnav.ch\/fr\/wp-json\/wp\/v2\/media\/7566"}],"wp:attachment":[{"href":"https:\/\/shop.allnav.ch\/fr\/wp-json\/wp\/v2\/media?parent=7553"}],"wp:term":[{"taxonomy":"product_brand","embeddable":true,"href":"https:\/\/shop.allnav.ch\/fr\/wp-json\/wp\/v2\/product_brand?post=7553"},{"taxonomy":"product_cat","embeddable":true,"href":"https:\/\/shop.allnav.ch\/fr\/wp-json\/wp\/v2\/product_cat?post=7553"},{"taxonomy":"product_tag","embeddable":true,"href":"https:\/\/shop.allnav.ch\/fr\/wp-json\/wp\/v2\/product_tag?post=7553"}],"curies":[{"name":"wp","href":"https:\/\/api.w.org\/{rel}","templated":true}]}}