{"id":6516,"date":"2018-06-27T16:13:31","date_gmt":"2018-06-27T14:13:31","guid":{"rendered":"https:\/\/shop.allnav.ch\/shop\/unkategorisiert\/tsc7-module-radio-2-4-ghz\/"},"modified":"2026-01-23T15:49:45","modified_gmt":"2026-01-23T14:49:45","slug":"tsc7-module-radio-2-4-ghz","status":"publish","type":"product","link":"https:\/\/shop.allnav.ch\/fr\/produkt\/accessoires-trimble\/unites-de-controle\/trimble-t110\/tsc7-module-radio-2-4-ghz\/","title":{"rendered":"EM120 &#8211; Module radio 2.4 GHz pour EDB10, T100, T7, TSC5 &amp; TSC7 &amp; TSC510"},"content":{"rendered":"<p>Module radio EMPOWER EM120 pour les contr\u00f4leurs de terrain Trimble TSC5 \u00a0\/ TSC510, TSC7 \/ T7 \/ TSC710 \u00a0und T100 \/ T110 .<\/p>\n<p>Fr\u00e9quence de 2,4GHz pour une communication sans fil avec toutes les stations totales robotis\u00e9es Trimble de la s\u00e9rie S. Le module EMPOWER Plug and Play se connecte \u00e0 l&rsquo;arri\u00e8re de votre contr\u00f4leur.<\/p>\n","protected":false},"excerpt":{"rendered":"<p>Module radio EMPOWER EM120 pour les contr\u00f4leurs de terrain Trimble TSC5 \u00a0\/ TSC510, TSC7 \/ T7 \/ TSC710 \u00a0und T100 \/ T110 . Fr\u00e9quence de 2,4GHz pour une communication sans fil avec toutes les stations totales robotis\u00e9es Trimble de la s\u00e9rie S. Le module EMPOWER Plug and Play se connecte \u00e0 l&rsquo;arri\u00e8re de votre contr\u00f4leur.<\/p>\n","protected":false},"featured_media":6603,"template":"","meta":[],"product_brand":[],"product_cat":[487,565,535,568,502,602],"product_tag":[],"class_list":{"0":"post-6516","1":"product","2":"type-product","3":"status-publish","4":"has-post-thumbnail","6":"product_cat-trimble-t110","7":"product_cat-t100-fr","8":"product_cat-trimble-t7-fr","9":"product_cat-tsc510-fr","10":"product_cat-trimble-tsc7-fr","11":"product_cat-tsc710","13":"first","14":"instock","15":"taxable","16":"shipping-taxable","17":"purchasable","18":"product-type-simple"},"_links":{"self":[{"href":"https:\/\/shop.allnav.ch\/fr\/wp-json\/wp\/v2\/product\/6516","targetHints":{"allow":["GET"]}}],"collection":[{"href":"https:\/\/shop.allnav.ch\/fr\/wp-json\/wp\/v2\/product"}],"about":[{"href":"https:\/\/shop.allnav.ch\/fr\/wp-json\/wp\/v2\/types\/product"}],"wp:featuredmedia":[{"embeddable":true,"href":"https:\/\/shop.allnav.ch\/fr\/wp-json\/wp\/v2\/media\/6603"}],"wp:attachment":[{"href":"https:\/\/shop.allnav.ch\/fr\/wp-json\/wp\/v2\/media?parent=6516"}],"wp:term":[{"taxonomy":"product_brand","embeddable":true,"href":"https:\/\/shop.allnav.ch\/fr\/wp-json\/wp\/v2\/product_brand?post=6516"},{"taxonomy":"product_cat","embeddable":true,"href":"https:\/\/shop.allnav.ch\/fr\/wp-json\/wp\/v2\/product_cat?post=6516"},{"taxonomy":"product_tag","embeddable":true,"href":"https:\/\/shop.allnav.ch\/fr\/wp-json\/wp\/v2\/product_tag?post=6516"}],"curies":[{"name":"wp","href":"https:\/\/api.w.org\/{rel}","templated":true}]}}