{"id":6219,"date":"2018-04-06T16:28:03","date_gmt":"2018-04-06T14:28:03","guid":{"rendered":"https:\/\/shop.allnav.ch\/shop\/non%20class\u00e9\/double-metre-allnav\/"},"modified":"2025-04-14T12:32:24","modified_gmt":"2025-04-14T10:32:24","slug":"double-metre-allnav","status":"publish","type":"product","link":"https:\/\/shop.allnav.ch\/fr\/produkt\/accessoires-de-terrain\/double-metre-allnav\/","title":{"rendered":"Double-m\u00e8tre ALLNAV"},"content":{"rendered":"<p>Le mod\u00e8le 250Plus est un outil professionnel qui convainc par sa finition solide, en bois de h\u00eatre de haute qualit\u00e9, pour une faible inclinaison et des maillons stables.<\/p>\n<p>Les articulations en acier \u00e0 ressort tremp\u00e9 assurent une facilit\u00e9 de mouvement permanente et un verrouillage pr\u00e9cis.<\/p>\n<p>ADGA est le mod\u00e8le le plus vendu et est appr\u00e9ci\u00e9 dans le commerce et l&rsquo;industrie depuis des d\u00e9cennies en raison de sa qualit\u00e9 !<\/p>\n","protected":false},"excerpt":{"rendered":"<p>Imprim\u00e9 avec logo ALLNAV<\/p>\n","protected":false},"featured_media":6217,"template":"","meta":[],"product_brand":[],"product_cat":[140,444],"product_tag":[],"class_list":{"0":"post-6219","1":"product","2":"type-product","3":"status-publish","4":"has-post-thumbnail","6":"product_cat-accessoires-de-terrain","7":"product_cat-promotions","9":"first","10":"onbackorder","11":"taxable","12":"shipping-taxable","13":"purchasable","14":"product-type-simple"},"_links":{"self":[{"href":"https:\/\/shop.allnav.ch\/fr\/wp-json\/wp\/v2\/product\/6219","targetHints":{"allow":["GET"]}}],"collection":[{"href":"https:\/\/shop.allnav.ch\/fr\/wp-json\/wp\/v2\/product"}],"about":[{"href":"https:\/\/shop.allnav.ch\/fr\/wp-json\/wp\/v2\/types\/product"}],"wp:featuredmedia":[{"embeddable":true,"href":"https:\/\/shop.allnav.ch\/fr\/wp-json\/wp\/v2\/media\/6217"}],"wp:attachment":[{"href":"https:\/\/shop.allnav.ch\/fr\/wp-json\/wp\/v2\/media?parent=6219"}],"wp:term":[{"taxonomy":"product_brand","embeddable":true,"href":"https:\/\/shop.allnav.ch\/fr\/wp-json\/wp\/v2\/product_brand?post=6219"},{"taxonomy":"product_cat","embeddable":true,"href":"https:\/\/shop.allnav.ch\/fr\/wp-json\/wp\/v2\/product_cat?post=6219"},{"taxonomy":"product_tag","embeddable":true,"href":"https:\/\/shop.allnav.ch\/fr\/wp-json\/wp\/v2\/product_tag?post=6219"}],"curies":[{"name":"wp","href":"https:\/\/api.w.org\/{rel}","templated":true}]}}