{"id":6147,"date":"2018-04-06T13:14:32","date_gmt":"2018-04-06T11:14:32","guid":{"rendered":"https:\/\/shop.allnav.ch\/shop\/unkategorisiert\/geo-7x-coffre-de-transport\/"},"modified":"2020-05-01T10:20:26","modified_gmt":"2020-05-01T08:20:26","slug":"geo-7x-coffre-de-transport","status":"publish","type":"product","link":"https:\/\/shop.allnav.ch\/fr\/produkt\/accessoires-trimble\/trimble-gnss-fr\/geo-7x\/geo-7x-coffre-de-transport\/","title":{"rendered":"Geo 7X &#8211; Coffre de transport"},"content":{"rendered":"<p>Valise de transport robuste personnalis\u00e9e pour le transport et le stockage d&rsquo;un portable de la s\u00e9rie Geo 6000\/Geo 7 et de ses accessoires suppl\u00e9mentaires. L&rsquo;int\u00e9rieur sur mesure comprend des compartiments pour l&rsquo;ordinateur de poche Geo (y compris le module distance-m\u00e8tre), une antenne externe, des supports, des batteries, un adaptateur \u00e9lectrique, des c\u00e2bles et des zones de rangement suppl\u00e9mentaires pour des mat\u00e9riaux divers.<\/p>\n","protected":false},"excerpt":{"rendered":"<p>Valise de transport robuste personnalis\u00e9e pour le transport et le stockage d&rsquo;un portable de la s\u00e9rie Geo 6000\/Geo 7 et de ses accessoires suppl\u00e9mentaires. L&rsquo;int\u00e9rieur sur mesure comprend des compartiments pour l&rsquo;ordinateur de poche Geo (y compris le module distance-m\u00e8tre), une antenne externe, des supports, des batteries, un adaptateur \u00e9lectrique, des c\u00e2bles et des zones [&hellip;]<\/p>\n","protected":false},"featured_media":6158,"template":"","meta":[],"product_brand":[],"product_cat":[489],"product_tag":[],"class_list":{"0":"post-6147","1":"product","2":"type-product","3":"status-publish","4":"has-post-thumbnail","6":"product_cat-geo-7x","8":"first","9":"onbackorder","10":"taxable","11":"shipping-taxable","12":"purchasable","13":"product-type-simple"},"_links":{"self":[{"href":"https:\/\/shop.allnav.ch\/fr\/wp-json\/wp\/v2\/product\/6147","targetHints":{"allow":["GET"]}}],"collection":[{"href":"https:\/\/shop.allnav.ch\/fr\/wp-json\/wp\/v2\/product"}],"about":[{"href":"https:\/\/shop.allnav.ch\/fr\/wp-json\/wp\/v2\/types\/product"}],"wp:featuredmedia":[{"embeddable":true,"href":"https:\/\/shop.allnav.ch\/fr\/wp-json\/wp\/v2\/media\/6158"}],"wp:attachment":[{"href":"https:\/\/shop.allnav.ch\/fr\/wp-json\/wp\/v2\/media?parent=6147"}],"wp:term":[{"taxonomy":"product_brand","embeddable":true,"href":"https:\/\/shop.allnav.ch\/fr\/wp-json\/wp\/v2\/product_brand?post=6147"},{"taxonomy":"product_cat","embeddable":true,"href":"https:\/\/shop.allnav.ch\/fr\/wp-json\/wp\/v2\/product_cat?post=6147"},{"taxonomy":"product_tag","embeddable":true,"href":"https:\/\/shop.allnav.ch\/fr\/wp-json\/wp\/v2\/product_tag?post=6147"}],"curies":[{"name":"wp","href":"https:\/\/api.w.org\/{rel}","templated":true}]}}