{"id":5343,"date":"2016-03-11T07:48:19","date_gmt":"2016-03-11T06:48:19","guid":{"rendered":"https:\/\/shop.allnav.ch\/?post_type=product&#038;p=5343"},"modified":"2026-03-23T15:03:41","modified_gmt":"2026-03-23T14:03:41","slug":"douille-en-alu-pour-canne-carbone","status":"publish","type":"product","link":"https:\/\/shop.allnav.ch\/fr\/produkt\/accessoires-trimble\/stations-totales-trimble\/trimble-s-series-f\/canne-de-prisme\/douille-en-alu-pour-canne-carbone\/","title":{"rendered":"Douille en alu pour canne carbone"},"content":{"rendered":"","protected":false},"excerpt":{"rendered":"<p>La douille en aluminium prot\u00e8ge la canne carbone contre la forte pression exerc\u00e9e par la fixation des bipieds et contr\u00f4leurs.<\/p>\n<p>Longueur: 100 mm<br \/>\nDiam\u00e8tre interieur: 33 mm<br \/>\nPoids: 40 g<\/p>\n","protected":false},"featured_media":5344,"template":"","meta":[],"product_brand":[],"product_cat":[320,570,230],"product_tag":[],"class_list":{"0":"post-5343","1":"product","2":"type-product","3":"status-publish","4":"has-post-thumbnail","6":"product_cat-canne-de-prisme","7":"product_cat-cannes-de-gnss","8":"product_cat-cannes-de-prismes","10":"first","11":"instock","12":"taxable","13":"shipping-taxable","14":"purchasable","15":"product-type-simple"},"_links":{"self":[{"href":"https:\/\/shop.allnav.ch\/fr\/wp-json\/wp\/v2\/product\/5343","targetHints":{"allow":["GET"]}}],"collection":[{"href":"https:\/\/shop.allnav.ch\/fr\/wp-json\/wp\/v2\/product"}],"about":[{"href":"https:\/\/shop.allnav.ch\/fr\/wp-json\/wp\/v2\/types\/product"}],"wp:featuredmedia":[{"embeddable":true,"href":"https:\/\/shop.allnav.ch\/fr\/wp-json\/wp\/v2\/media\/5344"}],"wp:attachment":[{"href":"https:\/\/shop.allnav.ch\/fr\/wp-json\/wp\/v2\/media?parent=5343"}],"wp:term":[{"taxonomy":"product_brand","embeddable":true,"href":"https:\/\/shop.allnav.ch\/fr\/wp-json\/wp\/v2\/product_brand?post=5343"},{"taxonomy":"product_cat","embeddable":true,"href":"https:\/\/shop.allnav.ch\/fr\/wp-json\/wp\/v2\/product_cat?post=5343"},{"taxonomy":"product_tag","embeddable":true,"href":"https:\/\/shop.allnav.ch\/fr\/wp-json\/wp\/v2\/product_tag?post=5343"}],"curies":[{"name":"wp","href":"https:\/\/api.w.org\/{rel}","templated":true}]}}