{"id":5333,"date":"2014-12-08T16:27:22","date_gmt":"2014-12-08T15:27:22","guid":{"rendered":"https:\/\/shop.allnav.ch\/?post_type=product&#038;p=5333"},"modified":"2023-12-13T18:44:18","modified_gmt":"2023-12-13T17:44:18","slug":"rallonge-avec-levier-de-mesure-rabattable","status":"publish","type":"product","link":"https:\/\/shop.allnav.ch\/fr\/produkt\/accessoires-pour-station-totale-et-gnss\/accessoires-station-de-base\/rallonge-avec-levier-de-mesure-rabattable\/","title":{"rendered":"Rallonge avec levier de mesure rabattable"},"content":{"rendered":"<p>Cette rallonge de 15 cm est plac\u00e9e entre l&rsquo;adaptateur GPS et le r\u00e9cepteur.<br \/>\nLe levier rabattable sert \u00e0 la d\u00e9termination pr\u00e9cise de la hauteur du r\u00e9cepteur sur un tr\u00e9pied.<\/p>\n","protected":false},"excerpt":{"rendered":"<p>Cette rallonge de 15 cm est plac\u00e9e entre l&rsquo;adaptateur GPS et le r\u00e9cepteur. Le levier rabattable sert \u00e0 la d\u00e9termination pr\u00e9cise de la hauteur du r\u00e9cepteur sur un tr\u00e9pied.<\/p>\n","protected":false},"featured_media":5334,"template":"","meta":[],"product_brand":[],"product_cat":[549],"product_tag":[],"class_list":{"0":"post-5333","1":"product","2":"type-product","3":"status-publish","4":"has-post-thumbnail","6":"product_cat-accessoires-station-de-base","8":"first","9":"instock","10":"taxable","11":"shipping-taxable","12":"purchasable","13":"product-type-simple"},"_links":{"self":[{"href":"https:\/\/shop.allnav.ch\/fr\/wp-json\/wp\/v2\/product\/5333","targetHints":{"allow":["GET"]}}],"collection":[{"href":"https:\/\/shop.allnav.ch\/fr\/wp-json\/wp\/v2\/product"}],"about":[{"href":"https:\/\/shop.allnav.ch\/fr\/wp-json\/wp\/v2\/types\/product"}],"wp:featuredmedia":[{"embeddable":true,"href":"https:\/\/shop.allnav.ch\/fr\/wp-json\/wp\/v2\/media\/5334"}],"wp:attachment":[{"href":"https:\/\/shop.allnav.ch\/fr\/wp-json\/wp\/v2\/media?parent=5333"}],"wp:term":[{"taxonomy":"product_brand","embeddable":true,"href":"https:\/\/shop.allnav.ch\/fr\/wp-json\/wp\/v2\/product_brand?post=5333"},{"taxonomy":"product_cat","embeddable":true,"href":"https:\/\/shop.allnav.ch\/fr\/wp-json\/wp\/v2\/product_cat?post=5333"},{"taxonomy":"product_tag","embeddable":true,"href":"https:\/\/shop.allnav.ch\/fr\/wp-json\/wp\/v2\/product_tag?post=5333"}],"curies":[{"name":"wp","href":"https:\/\/api.w.org\/{rel}","templated":true}]}}