{"id":5233,"date":"2014-09-23T09:34:11","date_gmt":"2014-09-23T07:34:11","guid":{"rendered":"https:\/\/shop.allnav.ch\/?post_type=product&#038;p=5233"},"modified":"2023-12-13T18:24:36","modified_gmt":"2023-12-13T17:24:36","slug":"canne-en-carbone-avec-conduit-pour-cable","status":"publish","type":"product","link":"https:\/\/shop.allnav.ch\/fr\/produkt\/accessoires-trimble\/trimble-gnss-fr\/geo-7x\/canne-en-carbone-avec-conduit-pour-cable\/","title":{"rendered":"Canne en carbone, 2m fixe (2 \u00e9l\u00e9ments)"},"content":{"rendered":"","protected":false},"excerpt":{"rendered":"<p>Canne en carbone avec conduit pour c\u00e2ble, fixe 2 m<\/p>\n","protected":false},"featured_media":5234,"template":"","meta":[],"product_brand":[],"product_cat":[230,489],"product_tag":[],"class_list":{"0":"post-5233","1":"product","2":"type-product","3":"status-publish","4":"has-post-thumbnail","6":"product_cat-cannes-de-prismes","7":"product_cat-geo-7x","9":"first","10":"instock","11":"taxable","12":"shipping-taxable","13":"purchasable","14":"product-type-simple"},"_links":{"self":[{"href":"https:\/\/shop.allnav.ch\/fr\/wp-json\/wp\/v2\/product\/5233","targetHints":{"allow":["GET"]}}],"collection":[{"href":"https:\/\/shop.allnav.ch\/fr\/wp-json\/wp\/v2\/product"}],"about":[{"href":"https:\/\/shop.allnav.ch\/fr\/wp-json\/wp\/v2\/types\/product"}],"wp:featuredmedia":[{"embeddable":true,"href":"https:\/\/shop.allnav.ch\/fr\/wp-json\/wp\/v2\/media\/5234"}],"wp:attachment":[{"href":"https:\/\/shop.allnav.ch\/fr\/wp-json\/wp\/v2\/media?parent=5233"}],"wp:term":[{"taxonomy":"product_brand","embeddable":true,"href":"https:\/\/shop.allnav.ch\/fr\/wp-json\/wp\/v2\/product_brand?post=5233"},{"taxonomy":"product_cat","embeddable":true,"href":"https:\/\/shop.allnav.ch\/fr\/wp-json\/wp\/v2\/product_cat?post=5233"},{"taxonomy":"product_tag","embeddable":true,"href":"https:\/\/shop.allnav.ch\/fr\/wp-json\/wp\/v2\/product_tag?post=5233"}],"curies":[{"name":"wp","href":"https:\/\/api.w.org\/{rel}","templated":true}]}}