{"id":4954,"date":"2014-04-28T20:57:44","date_gmt":"2014-04-28T20:57:44","guid":{"rendered":"https:\/\/shop.allnav.ch\/?post_type=product&#038;p=4954"},"modified":"2020-05-21T18:29:41","modified_gmt":"2020-05-21T16:29:41","slug":"gardner-rod-rest-2","status":"publish","type":"product","link":"https:\/\/shop.allnav.ch\/fr\/produkt\/accessoires-trimble\/stations-totales-trimble\/trimble-s-series-f\/accessoires-robotic\/gardner-rod-rest-2\/","title":{"rendered":"Gardner Rod Rest"},"content":{"rendered":"<p>&nbsp;      <\/p>\n","protected":false},"excerpt":{"rendered":"<p>Poids 0,7 kg.<br \/>\nPermet la pose simple et rapide de votre canne de prisme ou GNSS. Vous n&rsquo;avez plus besoin de mettre votre canne par terre pendant que vous marquez un point, mettez un clou etc.<br \/>\nExtension des pieds confortable. Syst\u00e8me tr\u00e8s l\u00e9ger.<br \/>\nLivraison sans canne.<\/p>\n","protected":false},"featured_media":4955,"template":"","meta":[],"product_brand":[],"product_cat":[142,326,474,434,230],"product_tag":[],"class_list":{"0":"post-4954","1":"product","2":"type-product","3":"status-publish","4":"has-post-thumbnail","6":"product_cat-accessoires-pour-station-totale-et-gnss","7":"product_cat-accessoires-robotic","8":"product_cat-actuel","9":"product_cat-bipieds","10":"product_cat-cannes-de-prismes","12":"first","13":"instock","14":"taxable","15":"shipping-taxable","16":"purchasable","17":"product-type-simple"},"_links":{"self":[{"href":"https:\/\/shop.allnav.ch\/fr\/wp-json\/wp\/v2\/product\/4954","targetHints":{"allow":["GET"]}}],"collection":[{"href":"https:\/\/shop.allnav.ch\/fr\/wp-json\/wp\/v2\/product"}],"about":[{"href":"https:\/\/shop.allnav.ch\/fr\/wp-json\/wp\/v2\/types\/product"}],"wp:featuredmedia":[{"embeddable":true,"href":"https:\/\/shop.allnav.ch\/fr\/wp-json\/wp\/v2\/media\/4955"}],"wp:attachment":[{"href":"https:\/\/shop.allnav.ch\/fr\/wp-json\/wp\/v2\/media?parent=4954"}],"wp:term":[{"taxonomy":"product_brand","embeddable":true,"href":"https:\/\/shop.allnav.ch\/fr\/wp-json\/wp\/v2\/product_brand?post=4954"},{"taxonomy":"product_cat","embeddable":true,"href":"https:\/\/shop.allnav.ch\/fr\/wp-json\/wp\/v2\/product_cat?post=4954"},{"taxonomy":"product_tag","embeddable":true,"href":"https:\/\/shop.allnav.ch\/fr\/wp-json\/wp\/v2\/product_tag?post=4954"}],"curies":[{"name":"wp","href":"https:\/\/api.w.org\/{rel}","templated":true}]}}