{"id":4923,"date":"2012-09-06T14:11:47","date_gmt":"2012-09-06T12:11:47","guid":{"rendered":"https:\/\/shop.allnav.ch\/?post_type=product&#038;p=4923"},"modified":"2026-03-23T15:03:41","modified_gmt":"2026-03-23T14:03:41","slug":"canne-carbone-gps-telescopique-jusqu-a-2-50-m","status":"publish","type":"product","link":"https:\/\/shop.allnav.ch\/fr\/produkt\/accessoires-trimble\/trimble-gnss-fr\/trimble-5800-r4-r6-r8-2\/canne-carbone-gps-telescopique-jusqu-a-2-50-m\/","title":{"rendered":"Canne carbone GPS, filetage 5\/8&Prime;, 2.48m"},"content":{"rendered":"<p>.<\/p>\n","protected":false},"excerpt":{"rendered":"<p>1 \u00e9l\u00e9ment t\u00e9lescopique, filetage 5\/8&Prime;<\/p>\n","protected":false},"featured_media":4924,"template":"","meta":[],"product_brand":[],"product_cat":[230,348,436,540],"product_tag":[],"class_list":{"0":"post-4923","1":"product","2":"type-product","3":"status-publish","4":"has-post-thumbnail","6":"product_cat-cannes-de-prismes","7":"product_cat-trimble-5800-r4-r6-r8-2","8":"product_cat-trimble-r10-r12-r980_f","9":"product_cat-trimble-r2-r580-fr","11":"first","12":"instock","13":"taxable","14":"shipping-taxable","15":"purchasable","16":"product-type-simple"},"_links":{"self":[{"href":"https:\/\/shop.allnav.ch\/fr\/wp-json\/wp\/v2\/product\/4923","targetHints":{"allow":["GET"]}}],"collection":[{"href":"https:\/\/shop.allnav.ch\/fr\/wp-json\/wp\/v2\/product"}],"about":[{"href":"https:\/\/shop.allnav.ch\/fr\/wp-json\/wp\/v2\/types\/product"}],"wp:featuredmedia":[{"embeddable":true,"href":"https:\/\/shop.allnav.ch\/fr\/wp-json\/wp\/v2\/media\/4924"}],"wp:attachment":[{"href":"https:\/\/shop.allnav.ch\/fr\/wp-json\/wp\/v2\/media?parent=4923"}],"wp:term":[{"taxonomy":"product_brand","embeddable":true,"href":"https:\/\/shop.allnav.ch\/fr\/wp-json\/wp\/v2\/product_brand?post=4923"},{"taxonomy":"product_cat","embeddable":true,"href":"https:\/\/shop.allnav.ch\/fr\/wp-json\/wp\/v2\/product_cat?post=4923"},{"taxonomy":"product_tag","embeddable":true,"href":"https:\/\/shop.allnav.ch\/fr\/wp-json\/wp\/v2\/product_tag?post=4923"}],"curies":[{"name":"wp","href":"https:\/\/api.w.org\/{rel}","templated":true}]}}