{"id":4886,"date":"2011-04-18T17:10:28","date_gmt":"2011-04-18T15:10:28","guid":{"rendered":"https:\/\/shop.allnav.ch\/?post_type=product&#038;p=4886"},"modified":"2020-05-05T07:46:09","modified_gmt":"2020-05-05T05:46:09","slug":"berhohungsmesser-gekapselt-fur-spurweite-1000-mm-2","status":"publish","type":"product","link":"https:\/\/shop.allnav.ch\/fr\/produkt\/accessoires-speciaux\/voies-ferrees\/mesures-de-devers\/berhohungsmesser-gekapselt-fur-spurweite-1000-mm-2\/","title":{"rendered":"\u00dcberh\u00f6hungsmesser, gekapselt f\u00fcr Spurweite 1000 mm"},"content":{"rendered":"<p>\u00dcberh\u00f6hungsmesser, gekapselt f\u00fcr Spurweite 1000 mm<\/p>\n","protected":false},"excerpt":{"rendered":"<p>\u00dcberh\u00f6hungsmesser, gekapselt f\u00fcr Spurweite 1000 mm<\/p>\n","protected":false},"featured_media":0,"template":"","meta":[],"product_brand":[],"product_cat":[272],"product_tag":[],"class_list":{"0":"post-4886","1":"product","2":"type-product","3":"status-publish","5":"product_cat-mesures-de-devers","7":"first","8":"onbackorder","9":"taxable","10":"shipping-taxable","11":"purchasable","12":"product-type-simple"},"_links":{"self":[{"href":"https:\/\/shop.allnav.ch\/fr\/wp-json\/wp\/v2\/product\/4886","targetHints":{"allow":["GET"]}}],"collection":[{"href":"https:\/\/shop.allnav.ch\/fr\/wp-json\/wp\/v2\/product"}],"about":[{"href":"https:\/\/shop.allnav.ch\/fr\/wp-json\/wp\/v2\/types\/product"}],"wp:attachment":[{"href":"https:\/\/shop.allnav.ch\/fr\/wp-json\/wp\/v2\/media?parent=4886"}],"wp:term":[{"taxonomy":"product_brand","embeddable":true,"href":"https:\/\/shop.allnav.ch\/fr\/wp-json\/wp\/v2\/product_brand?post=4886"},{"taxonomy":"product_cat","embeddable":true,"href":"https:\/\/shop.allnav.ch\/fr\/wp-json\/wp\/v2\/product_cat?post=4886"},{"taxonomy":"product_tag","embeddable":true,"href":"https:\/\/shop.allnav.ch\/fr\/wp-json\/wp\/v2\/product_tag?post=4886"}],"curies":[{"name":"wp","href":"https:\/\/api.w.org\/{rel}","templated":true}]}}