{"id":4869,"date":"2011-04-18T14:27:51","date_gmt":"2011-04-18T14:27:51","guid":{"rendered":"https:\/\/shop.allnav.ch\/?post_type=product&#038;p=4869"},"modified":"2025-05-22T18:45:37","modified_gmt":"2025-05-22T16:45:37","slug":"clou-de-reperage-a-tete-extra-large-2","status":"publish","type":"product","link":"https:\/\/shop.allnav.ch\/fr\/produkt\/accessoires-speciaux\/monitoring-fr\/clou-de-reperage-a-tete-extra-large-2\/","title":{"rendered":"Clou de rep\u00e9rage \u00e0 t\u00eate extra large"},"content":{"rendered":"<p>t\u00eate extra large et centrage possible<\/p>\n","protected":false},"excerpt":{"rendered":"<p>\u00d8 T\u00eate: 26 mm<br \/>\n\u00d8 Tige: 8,5 mm<\/p>\n<p>Avec ou sans inscription.<br \/>\nInscription: \u00ab\u00a0MESS-PUNKT\u00a0\u00bb ou \u00ab\u00a0GRENZ-PUNKT\u00a0\u00bb.<br \/>\nLongueur: 55 mm, 75 ou 100 mm<\/p>\n<p>Conditionnement  par  100<\/p>\n","protected":false},"featured_media":4870,"template":"","meta":[],"product_brand":[],"product_cat":[250],"product_tag":[],"class_list":{"0":"post-4869","1":"product","2":"type-product","3":"status-publish","4":"has-post-thumbnail","6":"product_cat-monitoring-fr","8":"first","9":"instock","10":"product-type-grouped"},"_links":{"self":[{"href":"https:\/\/shop.allnav.ch\/fr\/wp-json\/wp\/v2\/product\/4869","targetHints":{"allow":["GET"]}}],"collection":[{"href":"https:\/\/shop.allnav.ch\/fr\/wp-json\/wp\/v2\/product"}],"about":[{"href":"https:\/\/shop.allnav.ch\/fr\/wp-json\/wp\/v2\/types\/product"}],"wp:featuredmedia":[{"embeddable":true,"href":"https:\/\/shop.allnav.ch\/fr\/wp-json\/wp\/v2\/media\/4870"}],"wp:attachment":[{"href":"https:\/\/shop.allnav.ch\/fr\/wp-json\/wp\/v2\/media?parent=4869"}],"wp:term":[{"taxonomy":"product_brand","embeddable":true,"href":"https:\/\/shop.allnav.ch\/fr\/wp-json\/wp\/v2\/product_brand?post=4869"},{"taxonomy":"product_cat","embeddable":true,"href":"https:\/\/shop.allnav.ch\/fr\/wp-json\/wp\/v2\/product_cat?post=4869"},{"taxonomy":"product_tag","embeddable":true,"href":"https:\/\/shop.allnav.ch\/fr\/wp-json\/wp\/v2\/product_tag?post=4869"}],"curies":[{"name":"wp","href":"https:\/\/api.w.org\/{rel}","templated":true}]}}