{"id":4791,"date":"2011-04-13T09:29:36","date_gmt":"2011-04-13T09:29:36","guid":{"rendered":"https:\/\/shop.allnav.ch\/?post_type=product&#038;p=4791"},"modified":"2025-02-12T16:06:09","modified_gmt":"2025-02-12T15:06:09","slug":"prisma-fur-bauwerkuberwachung-3","status":"publish","type":"product","link":"https:\/\/shop.allnav.ch\/fr\/produkt\/accessoires-speciaux\/monitoring-fr\/prisma-fur-bauwerkuberwachung-3\/","title":{"rendered":"Prisma f\u00fcr Bauwerk\u00fcberwachung"},"content":{"rendered":"<p>Spezialprisma zur einfachen und robusten Montage bei Bauwerks\u00fcberwachungen.<\/p>\n","protected":false},"excerpt":{"rendered":"<p>Prismendurchmesser wahlweise 25 mm, 42 mm oder 60 mm.<\/p>\n<p>Passend zu jedem Durchmesser sind Schutzkappen f\u00fcr die Prismen erh\u00e4ltlich.<\/p>\n","protected":false},"featured_media":0,"template":"","meta":[],"product_brand":[],"product_cat":[250],"product_tag":[],"class_list":{"0":"post-4791","1":"product","2":"type-product","3":"status-publish","5":"product_cat-monitoring-fr","7":"first","8":"instock","9":"product-type-grouped"},"_links":{"self":[{"href":"https:\/\/shop.allnav.ch\/fr\/wp-json\/wp\/v2\/product\/4791","targetHints":{"allow":["GET"]}}],"collection":[{"href":"https:\/\/shop.allnav.ch\/fr\/wp-json\/wp\/v2\/product"}],"about":[{"href":"https:\/\/shop.allnav.ch\/fr\/wp-json\/wp\/v2\/types\/product"}],"wp:attachment":[{"href":"https:\/\/shop.allnav.ch\/fr\/wp-json\/wp\/v2\/media?parent=4791"}],"wp:term":[{"taxonomy":"product_brand","embeddable":true,"href":"https:\/\/shop.allnav.ch\/fr\/wp-json\/wp\/v2\/product_brand?post=4791"},{"taxonomy":"product_cat","embeddable":true,"href":"https:\/\/shop.allnav.ch\/fr\/wp-json\/wp\/v2\/product_cat?post=4791"},{"taxonomy":"product_tag","embeddable":true,"href":"https:\/\/shop.allnav.ch\/fr\/wp-json\/wp\/v2\/product_tag?post=4791"}],"curies":[{"name":"wp","href":"https:\/\/api.w.org\/{rel}","templated":true}]}}