{"id":4629,"date":"2011-03-17T11:39:39","date_gmt":"2011-03-17T11:39:39","guid":{"rendered":"https:\/\/shop.allnav.ch\/?post_type=product&#038;p=4629"},"modified":"2024-01-26T15:40:54","modified_gmt":"2024-01-26T14:40:54","slug":"verlangerung-fur-prismenstab-2","status":"publish","type":"product","link":"https:\/\/shop.allnav.ch\/fr\/produkt\/accessoires-pour-station-totale-et-gnss\/cannes-de-prismes\/verlangerung-fur-prismenstab-2\/","title":{"rendered":"Verl\u00e4ngerung f\u00fcr Prismenstab"},"content":{"rendered":"<p>In einfacher Ausf\u00fchrung mit Aluminium-Gewinde oder hochwertiger Ausf\u00fchrung aus eloxiertem Aluminiumrohr mit Edelstahl-Gewindeanschl\u00fcssen bzw. Wild-Steckzapfen.<\/p>\n","protected":false},"excerpt":{"rendered":"<p>ohne Abb.<\/p>\n<p>L\u00e4nge 1,0 m<\/p>\n","protected":false},"featured_media":0,"template":"","meta":[],"product_brand":[],"product_cat":[230],"product_tag":[],"class_list":{"0":"post-4629","1":"product","2":"type-product","3":"status-publish","5":"product_cat-cannes-de-prismes","7":"first","8":"instock","9":"taxable","10":"shipping-taxable","11":"product-type-grouped"},"_links":{"self":[{"href":"https:\/\/shop.allnav.ch\/fr\/wp-json\/wp\/v2\/product\/4629","targetHints":{"allow":["GET"]}}],"collection":[{"href":"https:\/\/shop.allnav.ch\/fr\/wp-json\/wp\/v2\/product"}],"about":[{"href":"https:\/\/shop.allnav.ch\/fr\/wp-json\/wp\/v2\/types\/product"}],"wp:attachment":[{"href":"https:\/\/shop.allnav.ch\/fr\/wp-json\/wp\/v2\/media?parent=4629"}],"wp:term":[{"taxonomy":"product_brand","embeddable":true,"href":"https:\/\/shop.allnav.ch\/fr\/wp-json\/wp\/v2\/product_brand?post=4629"},{"taxonomy":"product_cat","embeddable":true,"href":"https:\/\/shop.allnav.ch\/fr\/wp-json\/wp\/v2\/product_cat?post=4629"},{"taxonomy":"product_tag","embeddable":true,"href":"https:\/\/shop.allnav.ch\/fr\/wp-json\/wp\/v2\/product_tag?post=4629"}],"curies":[{"name":"wp","href":"https:\/\/api.w.org\/{rel}","templated":true}]}}