{"id":4249,"date":"2011-03-17T12:20:22","date_gmt":"2011-03-17T11:20:22","guid":{"rendered":"https:\/\/shop.allnav.ch\/?post_type=product&#038;p=4249"},"modified":"2023-12-13T18:34:59","modified_gmt":"2023-12-13T17:34:59","slug":"support-gps-integre-pour-trimble-tcu","status":"publish","type":"product","link":"https:\/\/shop.allnav.ch\/fr\/produkt\/accessoires-trimble\/unites-de-controle\/trimble-tcu-2\/support-gps-integre-pour-trimble-tcu\/","title":{"rendered":"Support GPS int\u00e9gr\u00e9 pour Trimble TCU (sans radio)"},"content":{"rendered":"<p>Support compact Trimble TCU.Batterie Li-Ion est fix\u00e9e sur partie inf\u00e9rieure.L\u00e9ger&amp;robuste.<br \/>\nCollier adaptateur 5831 7001 est n\u00e9cessaire pour fixation \u00e0 canne d\u2019antenne.<\/p>\n","protected":false},"excerpt":{"rendered":"<p>Support compact Trimble TCU.Batterie Li-Ion est fix\u00e9e sur partie inf\u00e9rieure.L\u00e9ger&amp;robuste.<br \/>\nCollier adaptateur 5831 7001 est n\u00e9cessaire pour fixation \u00e0 canne d\u2019antenne.<\/p>\n","protected":false},"featured_media":4250,"template":"","meta":[],"product_brand":[],"product_cat":[298],"product_tag":[],"class_list":{"0":"post-4249","1":"product","2":"type-product","3":"status-publish","4":"has-post-thumbnail","6":"product_cat-trimble-tcu-2","8":"first","9":"onbackorder","10":"taxable","11":"shipping-taxable","12":"purchasable","13":"product-type-simple"},"_links":{"self":[{"href":"https:\/\/shop.allnav.ch\/fr\/wp-json\/wp\/v2\/product\/4249","targetHints":{"allow":["GET"]}}],"collection":[{"href":"https:\/\/shop.allnav.ch\/fr\/wp-json\/wp\/v2\/product"}],"about":[{"href":"https:\/\/shop.allnav.ch\/fr\/wp-json\/wp\/v2\/types\/product"}],"wp:featuredmedia":[{"embeddable":true,"href":"https:\/\/shop.allnav.ch\/fr\/wp-json\/wp\/v2\/media\/4250"}],"wp:attachment":[{"href":"https:\/\/shop.allnav.ch\/fr\/wp-json\/wp\/v2\/media?parent=4249"}],"wp:term":[{"taxonomy":"product_brand","embeddable":true,"href":"https:\/\/shop.allnav.ch\/fr\/wp-json\/wp\/v2\/product_brand?post=4249"},{"taxonomy":"product_cat","embeddable":true,"href":"https:\/\/shop.allnav.ch\/fr\/wp-json\/wp\/v2\/product_cat?post=4249"},{"taxonomy":"product_tag","embeddable":true,"href":"https:\/\/shop.allnav.ch\/fr\/wp-json\/wp\/v2\/product_tag?post=4249"}],"curies":[{"name":"wp","href":"https:\/\/api.w.org\/{rel}","templated":true}]}}