{"id":4161,"date":"2011-03-17T12:18:14","date_gmt":"2011-03-17T11:18:14","guid":{"rendered":"https:\/\/shop.allnav.ch\/?post_type=product&#038;p=4161"},"modified":"2025-02-26T10:12:43","modified_gmt":"2025-02-26T09:12:43","slug":"mini-prisme-360","status":"publish","type":"product","link":"https:\/\/shop.allnav.ch\/fr\/produkt\/accessoires-trimble\/stations-totales-trimble\/trimble-s-series-f\/prismes-2\/mini-prisme-360\/","title":{"rendered":"Mini prisme 360\u00b0"},"content":{"rendered":"<p>Couronne de prismes avec 7 prismes uniques.<br \/>\nPermet la mesure dans toutes les directions. Pour les op\u00e9rations de lev\u00e9s avec une port\u00e9e<br \/>\njusqu\u2019\u00e0 500 m. Constante de prisme 2 mm. Poids 0,09 kg.<\/p>\n","protected":false},"excerpt":{"rendered":"<p>\u00c0 utiliser conjointement avec le RMT 606. Couronne de prismes avec 7 prismes uniques.<br \/>\nPermet la mesure dans toutes les directions. Pour les op\u00e9rations de lev\u00e9s avec une port\u00e9e<br \/>\njusqu\u2019\u00e0 500 m. Constante de prisme 2 mm. Poids 0,09 kg.<\/p>\n","protected":false},"featured_media":4162,"template":"","meta":[],"product_brand":[],"product_cat":[242,316,551,310],"product_tag":[],"class_list":{"0":"post-4161","1":"product","2":"type-product","3":"status-publish","4":"has-post-thumbnail","6":"product_cat-prisme-standard","7":"product_cat-prismes-2","8":"product_cat-trimble-c5-fr","9":"product_cat-trimble-m3-fr","11":"first","12":"onbackorder","13":"taxable","14":"shipping-taxable","15":"purchasable","16":"product-type-simple"},"_links":{"self":[{"href":"https:\/\/shop.allnav.ch\/fr\/wp-json\/wp\/v2\/product\/4161","targetHints":{"allow":["GET"]}}],"collection":[{"href":"https:\/\/shop.allnav.ch\/fr\/wp-json\/wp\/v2\/product"}],"about":[{"href":"https:\/\/shop.allnav.ch\/fr\/wp-json\/wp\/v2\/types\/product"}],"wp:featuredmedia":[{"embeddable":true,"href":"https:\/\/shop.allnav.ch\/fr\/wp-json\/wp\/v2\/media\/4162"}],"wp:attachment":[{"href":"https:\/\/shop.allnav.ch\/fr\/wp-json\/wp\/v2\/media?parent=4161"}],"wp:term":[{"taxonomy":"product_brand","embeddable":true,"href":"https:\/\/shop.allnav.ch\/fr\/wp-json\/wp\/v2\/product_brand?post=4161"},{"taxonomy":"product_cat","embeddable":true,"href":"https:\/\/shop.allnav.ch\/fr\/wp-json\/wp\/v2\/product_cat?post=4161"},{"taxonomy":"product_tag","embeddable":true,"href":"https:\/\/shop.allnav.ch\/fr\/wp-json\/wp\/v2\/product_tag?post=4161"}],"curies":[{"name":"wp","href":"https:\/\/api.w.org\/{rel}","templated":true}]}}