{"id":4103,"date":"2011-03-17T12:16:34","date_gmt":"2011-03-17T11:16:34","guid":{"rendered":"https:\/\/shop.allnav.ch\/?post_type=product&#038;p=4103"},"modified":"2021-08-06T16:36:34","modified_gmt":"2021-08-06T14:36:34","slug":"support-robotic-pour-trimble-tcu-radio-2-4-ghz-incluse","status":"publish","type":"product","link":"https:\/\/shop.allnav.ch\/fr\/produkt\/accessoires-trimble\/stations-totales-trimble\/trimble-s-series-f\/accessoires-robotic\/support-robotic-pour-trimble-tcu-radio-2-4-ghz-incluse\/","title":{"rendered":"Support Robotic pour Trimble TCU, avec radio 2,4 GHz"},"content":{"rendered":"<p>Support compact avec modem radio int\u00e9gr\u00e9. La batterie Li-Ion est fix\u00e9e<br \/>\nsur la partie inf\u00e9rieure. L\u00e9ger et robuste. Le collier adaptateur 5821 1001<br \/>\nest n\u00e9cessaire pour le fixer sur une canne.<\/p>\n","protected":false},"excerpt":{"rendered":"<p>Support compact avec modem radio int\u00e9gr\u00e9. La batterie Li-Ion est fix\u00e9e<br \/>\nsur la partie inf\u00e9rieure. L\u00e9ger et robuste. Le collier adaptateur 5821 1001<br \/>\nest n\u00e9cessaire pour le fixer sur une canne.<\/p>\n","protected":false},"featured_media":4104,"template":"","meta":[],"product_brand":[],"product_cat":[326,298],"product_tag":[],"class_list":{"0":"post-4103","1":"product","2":"type-product","3":"status-publish","4":"has-post-thumbnail","6":"product_cat-accessoires-robotic","7":"product_cat-trimble-tcu-2","9":"first","10":"onbackorder","11":"taxable","12":"shipping-taxable","13":"purchasable","14":"product-type-simple"},"_links":{"self":[{"href":"https:\/\/shop.allnav.ch\/fr\/wp-json\/wp\/v2\/product\/4103","targetHints":{"allow":["GET"]}}],"collection":[{"href":"https:\/\/shop.allnav.ch\/fr\/wp-json\/wp\/v2\/product"}],"about":[{"href":"https:\/\/shop.allnav.ch\/fr\/wp-json\/wp\/v2\/types\/product"}],"wp:featuredmedia":[{"embeddable":true,"href":"https:\/\/shop.allnav.ch\/fr\/wp-json\/wp\/v2\/media\/4104"}],"wp:attachment":[{"href":"https:\/\/shop.allnav.ch\/fr\/wp-json\/wp\/v2\/media?parent=4103"}],"wp:term":[{"taxonomy":"product_brand","embeddable":true,"href":"https:\/\/shop.allnav.ch\/fr\/wp-json\/wp\/v2\/product_brand?post=4103"},{"taxonomy":"product_cat","embeddable":true,"href":"https:\/\/shop.allnav.ch\/fr\/wp-json\/wp\/v2\/product_cat?post=4103"},{"taxonomy":"product_tag","embeddable":true,"href":"https:\/\/shop.allnav.ch\/fr\/wp-json\/wp\/v2\/product_tag?post=4103"}],"curies":[{"name":"wp","href":"https:\/\/api.w.org\/{rel}","templated":true}]}}