{"id":4099,"date":"2011-03-17T12:16:30","date_gmt":"2011-03-17T11:16:30","guid":{"rendered":"https:\/\/shop.allnav.ch\/?post_type=product&#038;p=4099"},"modified":"2023-12-13T18:25:38","modified_gmt":"2023-12-13T17:25:38","slug":"connecteur-hirose-12-broches-a-db9-et-batterie-auto","status":"publish","type":"product","link":"https:\/\/shop.allnav.ch\/fr\/produkt\/accessoires-trimble\/stations-totales-trimble\/trimble-s-series-f\/cable\/connecteur-hirose-12-broches-a-db9-et-batterie-auto\/","title":{"rendered":"C\u00e2ble &#8211; radio ext. pour PC et alimentation"},"content":{"rendered":"<p>.<\/p>\n","protected":false},"excerpt":{"rendered":"<p>2,5 m<br \/>\nPour raccorder le Trimble TSCe ou un PC au modem radio externe Trimble S\/VX, 2,4<br \/>\nGHz (Robotic) et en m\u00eame temps \u00e0 une batterie auto pour aliment \u00e9lectr externe.<\/p>\n","protected":false},"featured_media":4100,"template":"","meta":[],"product_brand":[],"product_cat":[324],"product_tag":[],"class_list":{"0":"post-4099","1":"product","2":"type-product","3":"status-publish","4":"has-post-thumbnail","6":"product_cat-cable","8":"first","9":"onbackorder","10":"taxable","11":"shipping-taxable","12":"purchasable","13":"product-type-simple"},"_links":{"self":[{"href":"https:\/\/shop.allnav.ch\/fr\/wp-json\/wp\/v2\/product\/4099","targetHints":{"allow":["GET"]}}],"collection":[{"href":"https:\/\/shop.allnav.ch\/fr\/wp-json\/wp\/v2\/product"}],"about":[{"href":"https:\/\/shop.allnav.ch\/fr\/wp-json\/wp\/v2\/types\/product"}],"wp:featuredmedia":[{"embeddable":true,"href":"https:\/\/shop.allnav.ch\/fr\/wp-json\/wp\/v2\/media\/4100"}],"wp:attachment":[{"href":"https:\/\/shop.allnav.ch\/fr\/wp-json\/wp\/v2\/media?parent=4099"}],"wp:term":[{"taxonomy":"product_brand","embeddable":true,"href":"https:\/\/shop.allnav.ch\/fr\/wp-json\/wp\/v2\/product_brand?post=4099"},{"taxonomy":"product_cat","embeddable":true,"href":"https:\/\/shop.allnav.ch\/fr\/wp-json\/wp\/v2\/product_cat?post=4099"},{"taxonomy":"product_tag","embeddable":true,"href":"https:\/\/shop.allnav.ch\/fr\/wp-json\/wp\/v2\/product_tag?post=4099"}],"curies":[{"name":"wp","href":"https:\/\/api.w.org\/{rel}","templated":true}]}}