{"id":4025,"date":"2011-03-17T12:14:54","date_gmt":"2011-03-17T11:14:54","guid":{"rendered":"https:\/\/shop.allnav.ch\/?post_type=product&#038;p=4025"},"modified":"2025-02-12T16:02:46","modified_gmt":"2025-02-12T15:02:46","slug":"prisme-trimble-multitrack","status":"publish","type":"product","link":"https:\/\/shop.allnav.ch\/fr\/produkt\/accessoires-trimble\/stations-totales-trimble\/trimble-s-series-f\/prismes-2\/prisme-trimble-multitrack\/","title":{"rendered":"Prisme Trimble MultiTrack MT1000"},"content":{"rendered":"<p>Syst\u00e8me r\u00e9flecteur pour suivi en mode actif ou passif assur\u00e9e par une station totale de<br \/>\nla s\u00e9rie S. Choix de 8 canaux. Port\u00e9e augment\u00e9e en mode Autolock et en mode Robotic.<br \/>\nAlimentation \u00e9lectrique gr\u00e2ce \u00e0 une batterie Li-Io 54344 (p. 81). Nivelle int\u00e9gr\u00e9e sur<br \/>\nle c\u00f4t\u00e9 sup\u00e9rieur du prisme. Hauteur de l\u2019axe de basculement 135 mm. Constante de<br \/>\nprisme: 10 mm. (Pas pour S3)<\/p>\n","protected":false},"excerpt":{"rendered":"<p>Contenu de la livraison: Prisme Trimble MultiTrack, 1 batterie Li-Io.<\/p>\n","protected":false},"featured_media":4026,"template":"","meta":[],"product_brand":[],"product_cat":[242,316],"product_tag":[],"class_list":{"0":"post-4025","1":"product","2":"type-product","3":"status-publish","4":"has-post-thumbnail","6":"product_cat-prisme-standard","7":"product_cat-prismes-2","9":"first","10":"instock","11":"taxable","12":"shipping-taxable","13":"purchasable","14":"product-type-simple"},"_links":{"self":[{"href":"https:\/\/shop.allnav.ch\/fr\/wp-json\/wp\/v2\/product\/4025","targetHints":{"allow":["GET"]}}],"collection":[{"href":"https:\/\/shop.allnav.ch\/fr\/wp-json\/wp\/v2\/product"}],"about":[{"href":"https:\/\/shop.allnav.ch\/fr\/wp-json\/wp\/v2\/types\/product"}],"wp:featuredmedia":[{"embeddable":true,"href":"https:\/\/shop.allnav.ch\/fr\/wp-json\/wp\/v2\/media\/4026"}],"wp:attachment":[{"href":"https:\/\/shop.allnav.ch\/fr\/wp-json\/wp\/v2\/media?parent=4025"}],"wp:term":[{"taxonomy":"product_brand","embeddable":true,"href":"https:\/\/shop.allnav.ch\/fr\/wp-json\/wp\/v2\/product_brand?post=4025"},{"taxonomy":"product_cat","embeddable":true,"href":"https:\/\/shop.allnav.ch\/fr\/wp-json\/wp\/v2\/product_cat?post=4025"},{"taxonomy":"product_tag","embeddable":true,"href":"https:\/\/shop.allnav.ch\/fr\/wp-json\/wp\/v2\/product_tag?post=4025"}],"curies":[{"name":"wp","href":"https:\/\/api.w.org\/{rel}","templated":true}]}}