{"id":3875,"date":"2011-03-17T12:12:05","date_gmt":"2011-03-17T11:12:05","guid":{"rendered":"https:\/\/shop.allnav.ch\/?post_type=product&#038;p=3875"},"modified":"2019-12-20T11:16:26","modified_gmt":"2019-12-20T10:16:26","slug":"mesureur-d-ecartement","status":"publish","type":"product","link":"https:\/\/shop.allnav.ch\/fr\/produkt\/accessoires-speciaux\/voies-ferrees\/regles-de-mesure-pour-voies-ferrees\/mesureur-d-ecartement\/","title":{"rendered":"Mesureur d\u2019\u00e9cartement"},"content":{"rendered":"<p>Diff\u00e9rence d\u2019\u00e9cartement: -10 mm \u00e0 +40 mm, 1 graduation= 1 mm d\u2019\u00e9cartement.<\/p>\n<p>Pour \u00e9cartement de 1435 mm ou 1000 mm.<\/p>\n","protected":false},"excerpt":{"rendered":"<p>La mesure d\u2019\u00e9cartement s\u2019effectue par un butoir horizontal et mobile, qui est press\u00e9 \u00e0 l\u2019ext\u00e9rieur par un ressort.<\/p>\n<p>L\u2019\u00e9chelle de mesure pour la lecture est encastr\u00e9e dans le profil\u00e9. Un point d\u2019appui est isol\u00e9. <\/p>\n","protected":false},"featured_media":3876,"template":"","meta":[],"product_brand":[],"product_cat":[274],"product_tag":[],"class_list":{"0":"post-3875","1":"product","2":"type-product","3":"status-publish","4":"has-post-thumbnail","6":"product_cat-regles-de-mesure-pour-voies-ferrees","8":"first","9":"onbackorder","10":"taxable","11":"shipping-taxable","12":"purchasable","13":"product-type-simple"},"_links":{"self":[{"href":"https:\/\/shop.allnav.ch\/fr\/wp-json\/wp\/v2\/product\/3875","targetHints":{"allow":["GET"]}}],"collection":[{"href":"https:\/\/shop.allnav.ch\/fr\/wp-json\/wp\/v2\/product"}],"about":[{"href":"https:\/\/shop.allnav.ch\/fr\/wp-json\/wp\/v2\/types\/product"}],"wp:featuredmedia":[{"embeddable":true,"href":"https:\/\/shop.allnav.ch\/fr\/wp-json\/wp\/v2\/media\/3876"}],"wp:attachment":[{"href":"https:\/\/shop.allnav.ch\/fr\/wp-json\/wp\/v2\/media?parent=3875"}],"wp:term":[{"taxonomy":"product_brand","embeddable":true,"href":"https:\/\/shop.allnav.ch\/fr\/wp-json\/wp\/v2\/product_brand?post=3875"},{"taxonomy":"product_cat","embeddable":true,"href":"https:\/\/shop.allnav.ch\/fr\/wp-json\/wp\/v2\/product_cat?post=3875"},{"taxonomy":"product_tag","embeddable":true,"href":"https:\/\/shop.allnav.ch\/fr\/wp-json\/wp\/v2\/product_tag?post=3875"}],"curies":[{"name":"wp","href":"https:\/\/api.w.org\/{rel}","templated":true}]}}