{"id":3871,"date":"2011-03-17T11:12:01","date_gmt":"2011-03-17T11:12:01","guid":{"rendered":"https:\/\/shop.allnav.ch\/?post_type=product&#038;p=3871"},"modified":"2011-03-23T18:53:40","modified_gmt":"2011-03-23T18:53:40","slug":"mesureur-de-devers-ouvert","status":"publish","type":"product","link":"https:\/\/shop.allnav.ch\/fr\/produkt\/accessoires-speciaux\/voies-ferrees\/mesures-de-devers\/mesureur-de-devers-ouvert\/","title":{"rendered":"Mesureur de d\u00e9vers, ouvert"},"content":{"rendered":"<p>Plage de mesure: d\u00e9vers: -40 mm bis +200 mm, 1 graduation = 1 mm de d\u00e9vers.<\/p>\n","protected":false},"excerpt":{"rendered":"<p>La nivelle est mise \u00e0 l\u2019horizontale \u00e0 l\u2019aide d\u2019une vis microm\u00e9trique et le d\u00e9vers peut \u00eatre<br \/>\nlu pr\u00e9cis\u00e9ment et rapidement au bord de la vis. La nivelle du mesureur de d\u00e9vers, r\u00e9sistante<br \/>\naux chocs a une sensibilit\u00e9 de 0,7 mm\/m.<\/p>\n","protected":false},"featured_media":3872,"template":"","meta":[],"product_brand":[],"product_cat":[272],"product_tag":[],"class_list":{"0":"post-3871","1":"product","2":"type-product","3":"status-publish","4":"has-post-thumbnail","6":"product_cat-mesures-de-devers","8":"first","9":"onbackorder","10":"taxable","11":"shipping-taxable","12":"purchasable","13":"product-type-simple"},"_links":{"self":[{"href":"https:\/\/shop.allnav.ch\/fr\/wp-json\/wp\/v2\/product\/3871","targetHints":{"allow":["GET"]}}],"collection":[{"href":"https:\/\/shop.allnav.ch\/fr\/wp-json\/wp\/v2\/product"}],"about":[{"href":"https:\/\/shop.allnav.ch\/fr\/wp-json\/wp\/v2\/types\/product"}],"wp:featuredmedia":[{"embeddable":true,"href":"https:\/\/shop.allnav.ch\/fr\/wp-json\/wp\/v2\/media\/3872"}],"wp:attachment":[{"href":"https:\/\/shop.allnav.ch\/fr\/wp-json\/wp\/v2\/media?parent=3871"}],"wp:term":[{"taxonomy":"product_brand","embeddable":true,"href":"https:\/\/shop.allnav.ch\/fr\/wp-json\/wp\/v2\/product_brand?post=3871"},{"taxonomy":"product_cat","embeddable":true,"href":"https:\/\/shop.allnav.ch\/fr\/wp-json\/wp\/v2\/product_cat?post=3871"},{"taxonomy":"product_tag","embeddable":true,"href":"https:\/\/shop.allnav.ch\/fr\/wp-json\/wp\/v2\/product_tag?post=3871"}],"curies":[{"name":"wp","href":"https:\/\/api.w.org\/{rel}","templated":true}]}}