{"id":3853,"date":"2011-03-17T11:11:41","date_gmt":"2011-03-17T11:11:41","guid":{"rendered":"https:\/\/shop.allnav.ch\/?post_type=product&#038;p=3853"},"modified":"2011-03-23T18:53:24","modified_gmt":"2011-03-23T18:53:24","slug":"support-ajustable-avec-potence","status":"publish","type":"product","link":"https:\/\/shop.allnav.ch\/fr\/produkt\/accessoires-speciaux\/voies-ferrees\/supports-de-reflecteur\/support-ajustable-avec-potence\/","title":{"rendered":"Support ajustable avec potence"},"content":{"rendered":"<p>Le prisme peut \u00eatre fix\u00e9 directement sur le support ou \u00e0 l\u2019avant du bras<br \/>\nd\u2019excentrement.<\/p>\n","protected":false},"excerpt":{"rendered":"<p>Pour boulons de rep\u00e9rage de voies ferr\u00e9es avec support de prisme excentrique. (excentricit\u00e9 s\u2019\u00e9l\u00e8ve \u00e0 30 cm.<\/p>\n","protected":false},"featured_media":3854,"template":"","meta":[],"product_brand":[],"product_cat":[266],"product_tag":[],"class_list":{"0":"post-3853","1":"product","2":"type-product","3":"status-publish","4":"has-post-thumbnail","6":"product_cat-supports-de-reflecteur","8":"first","9":"onbackorder","10":"taxable","11":"shipping-taxable","12":"purchasable","13":"product-type-simple"},"_links":{"self":[{"href":"https:\/\/shop.allnav.ch\/fr\/wp-json\/wp\/v2\/product\/3853","targetHints":{"allow":["GET"]}}],"collection":[{"href":"https:\/\/shop.allnav.ch\/fr\/wp-json\/wp\/v2\/product"}],"about":[{"href":"https:\/\/shop.allnav.ch\/fr\/wp-json\/wp\/v2\/types\/product"}],"wp:featuredmedia":[{"embeddable":true,"href":"https:\/\/shop.allnav.ch\/fr\/wp-json\/wp\/v2\/media\/3854"}],"wp:attachment":[{"href":"https:\/\/shop.allnav.ch\/fr\/wp-json\/wp\/v2\/media?parent=3853"}],"wp:term":[{"taxonomy":"product_brand","embeddable":true,"href":"https:\/\/shop.allnav.ch\/fr\/wp-json\/wp\/v2\/product_brand?post=3853"},{"taxonomy":"product_cat","embeddable":true,"href":"https:\/\/shop.allnav.ch\/fr\/wp-json\/wp\/v2\/product_cat?post=3853"},{"taxonomy":"product_tag","embeddable":true,"href":"https:\/\/shop.allnav.ch\/fr\/wp-json\/wp\/v2\/product_tag?post=3853"}],"curies":[{"name":"wp","href":"https:\/\/api.w.org\/{rel}","templated":true}]}}