{"id":3839,"date":"2011-03-17T11:11:25","date_gmt":"2011-03-17T11:11:25","guid":{"rendered":"https:\/\/shop.allnav.ch\/?post_type=product&#038;p=3839"},"modified":"2011-03-23T18:53:12","modified_gmt":"2011-03-23T18:53:12","slug":"laser-de-controle-de-tunnel-tcl2000","status":"publish","type":"product","link":"https:\/\/shop.allnav.ch\/fr\/produkt\/accessoires-speciaux\/tunnels\/laser-pour-tunnel\/laser-de-controle-de-tunnel-tcl2000\/","title":{"rendered":"Laser de contr\u00f4le de tunnel TCL2000"},"content":{"rendered":"<p>Laser pour tunnel avec diode de haute puissance. L\u2019appareil est construit comme un<br \/>\nth\u00e9odolite et offre des blocages et un r\u00e9glage microm\u00e9trique pour les axes Hz et V.<br \/>\nL\u2019alimentation est possible sur du 12 V, 110 V et 220\/230 V. Plage de travail jusqu\u2019\u00e0 500<br \/>\nm. Poids: 3,5 kg.<\/p>\n","protected":false},"excerpt":{"rendered":"<p>Laser \u00e0 diodes: 635 nanom\u00e8tres\/ 2 mW. Support filetage 5\/8\u201c pour montage sur la console.<br \/>\nLe laser peut \u00eatre mont\u00e9 sur une embase avec l\u2019adaptateur correspondant.<\/p>\n","protected":false},"featured_media":3840,"template":"","meta":[],"product_brand":[],"product_cat":[264],"product_tag":[],"class_list":{"0":"post-3839","1":"product","2":"type-product","3":"status-publish","4":"has-post-thumbnail","6":"product_cat-laser-pour-tunnel","8":"first","9":"onbackorder","10":"taxable","11":"shipping-taxable","12":"purchasable","13":"product-type-simple"},"_links":{"self":[{"href":"https:\/\/shop.allnav.ch\/fr\/wp-json\/wp\/v2\/product\/3839","targetHints":{"allow":["GET"]}}],"collection":[{"href":"https:\/\/shop.allnav.ch\/fr\/wp-json\/wp\/v2\/product"}],"about":[{"href":"https:\/\/shop.allnav.ch\/fr\/wp-json\/wp\/v2\/types\/product"}],"wp:featuredmedia":[{"embeddable":true,"href":"https:\/\/shop.allnav.ch\/fr\/wp-json\/wp\/v2\/media\/3840"}],"wp:attachment":[{"href":"https:\/\/shop.allnav.ch\/fr\/wp-json\/wp\/v2\/media?parent=3839"}],"wp:term":[{"taxonomy":"product_brand","embeddable":true,"href":"https:\/\/shop.allnav.ch\/fr\/wp-json\/wp\/v2\/product_brand?post=3839"},{"taxonomy":"product_cat","embeddable":true,"href":"https:\/\/shop.allnav.ch\/fr\/wp-json\/wp\/v2\/product_cat?post=3839"},{"taxonomy":"product_tag","embeddable":true,"href":"https:\/\/shop.allnav.ch\/fr\/wp-json\/wp\/v2\/product_tag?post=3839"}],"curies":[{"name":"wp","href":"https:\/\/api.w.org\/{rel}","templated":true}]}}