{"id":3829,"date":"2011-03-17T11:11:14","date_gmt":"2011-03-17T11:11:14","guid":{"rendered":"https:\/\/shop.allnav.ch\/?post_type=product&#038;p=3829"},"modified":"2011-03-23T18:53:03","modified_gmt":"2011-03-23T18:53:03","slug":"disque-de-mesure-de-profils-pour-tunnel","status":"publish","type":"product","link":"https:\/\/shop.allnav.ch\/fr\/produkt\/accessoires-speciaux\/tunnels\/laser-pour-tunnel\/disque-de-mesure-de-profils-pour-tunnel\/","title":{"rendered":"Disque de mesure de profils pour tunnel"},"content":{"rendered":"<p>Avec prisme.<\/p>\n","protected":false},"excerpt":{"rendered":"<p>Le disque avec prisme sert \u00e0 la mesure de profils dans les tunnels et doit \u00eatre fix\u00e9 sur<br \/>\nun manche t\u00e9lescopique en aluminium. Autrement il est possible d\u2019utiliser des jalons<br \/>\nembo\u00eetables pour les petits profils. Diam\u00e8tre: 30 cm.<\/p>\n","protected":false},"featured_media":3830,"template":"","meta":[],"product_brand":[],"product_cat":[264],"product_tag":[],"class_list":{"0":"post-3829","1":"product","2":"type-product","3":"status-publish","4":"has-post-thumbnail","6":"product_cat-laser-pour-tunnel","8":"first","9":"onbackorder","10":"taxable","11":"shipping-taxable","12":"purchasable","13":"product-type-simple"},"_links":{"self":[{"href":"https:\/\/shop.allnav.ch\/fr\/wp-json\/wp\/v2\/product\/3829","targetHints":{"allow":["GET"]}}],"collection":[{"href":"https:\/\/shop.allnav.ch\/fr\/wp-json\/wp\/v2\/product"}],"about":[{"href":"https:\/\/shop.allnav.ch\/fr\/wp-json\/wp\/v2\/types\/product"}],"wp:featuredmedia":[{"embeddable":true,"href":"https:\/\/shop.allnav.ch\/fr\/wp-json\/wp\/v2\/media\/3830"}],"wp:attachment":[{"href":"https:\/\/shop.allnav.ch\/fr\/wp-json\/wp\/v2\/media?parent=3829"}],"wp:term":[{"taxonomy":"product_brand","embeddable":true,"href":"https:\/\/shop.allnav.ch\/fr\/wp-json\/wp\/v2\/product_brand?post=3829"},{"taxonomy":"product_cat","embeddable":true,"href":"https:\/\/shop.allnav.ch\/fr\/wp-json\/wp\/v2\/product_cat?post=3829"},{"taxonomy":"product_tag","embeddable":true,"href":"https:\/\/shop.allnav.ch\/fr\/wp-json\/wp\/v2\/product_tag?post=3829"}],"curies":[{"name":"wp","href":"https:\/\/api.w.org\/{rel}","templated":true}]}}