{"id":3803,"date":"2011-03-17T12:10:32","date_gmt":"2011-03-17T11:10:32","guid":{"rendered":"https:\/\/shop.allnav.ch\/?post_type=product&#038;p=3803"},"modified":"2024-04-30T16:38:50","modified_gmt":"2024-04-30T14:38:50","slug":"cible-reflechissante-avec-cible-imprimee","status":"publish","type":"product","link":"https:\/\/shop.allnav.ch\/fr\/produkt\/accessoires-speciaux\/tunnels\/cible-reflechissante\/cible-reflechissante-avec-cible-imprimee\/","title":{"rendered":"Cible r\u00e9fl\u00e9chissante avec cible imprim\u00e9e"},"content":{"rendered":"<p>Pour syst\u00e8me de fixation Wild.<\/p>\n","protected":false},"excerpt":{"rendered":"<p>Cible r\u00e9fl\u00e9chissante avec cible imprim\u00e9e, pour syst\u00e8me de fixation Wild<\/p>\n","protected":false},"featured_media":3804,"template":"","meta":[],"product_brand":[],"product_cat":[260],"product_tag":[],"class_list":{"0":"post-3803","1":"product","2":"type-product","3":"status-publish","4":"has-post-thumbnail","6":"product_cat-cible-reflechissante","8":"first","9":"instock","10":"taxable","11":"shipping-taxable","12":"purchasable","13":"product-type-simple"},"_links":{"self":[{"href":"https:\/\/shop.allnav.ch\/fr\/wp-json\/wp\/v2\/product\/3803","targetHints":{"allow":["GET"]}}],"collection":[{"href":"https:\/\/shop.allnav.ch\/fr\/wp-json\/wp\/v2\/product"}],"about":[{"href":"https:\/\/shop.allnav.ch\/fr\/wp-json\/wp\/v2\/types\/product"}],"wp:featuredmedia":[{"embeddable":true,"href":"https:\/\/shop.allnav.ch\/fr\/wp-json\/wp\/v2\/media\/3804"}],"wp:attachment":[{"href":"https:\/\/shop.allnav.ch\/fr\/wp-json\/wp\/v2\/media?parent=3803"}],"wp:term":[{"taxonomy":"product_brand","embeddable":true,"href":"https:\/\/shop.allnav.ch\/fr\/wp-json\/wp\/v2\/product_brand?post=3803"},{"taxonomy":"product_cat","embeddable":true,"href":"https:\/\/shop.allnav.ch\/fr\/wp-json\/wp\/v2\/product_cat?post=3803"},{"taxonomy":"product_tag","embeddable":true,"href":"https:\/\/shop.allnav.ch\/fr\/wp-json\/wp\/v2\/product_tag?post=3803"}],"curies":[{"name":"wp","href":"https:\/\/api.w.org\/{rel}","templated":true}]}}