{"id":3441,"date":"2011-03-17T11:01:28","date_gmt":"2011-03-17T11:01:28","guid":{"rendered":"https:\/\/shop.allnav.ch\/?post_type=product&#038;p=3441"},"modified":"2014-07-31T11:38:48","modified_gmt":"2014-07-31T11:38:48","slug":"plaquette-de-mesure-rs-51-autocollante","status":"publish","type":"product","link":"https:\/\/shop.allnav.ch\/fr\/produkt\/materiel-de-reperage\/plaquette-de-trait-de-niveau\/plaquette-de-mesure-rs-51-autocollante\/","title":{"rendered":"Plaquette de mesure RS 51, autocollante"},"content":{"rendered":"<p>Simple d\u2019utilisation sur presque toutes les surfaces.<\/p>\n","protected":false},"excerpt":{"rendered":"<p>Plaquette de mesure avec cible r\u00e9fl\u00e9chissante de 3 x 3 cm. R\u00e9ticule imprim\u00e9. Avec<br \/>\nchamp d\u2019inscription. <\/p>\n","protected":false},"featured_media":3442,"template":"","meta":[],"product_brand":[],"product_cat":[168],"product_tag":[],"class_list":{"0":"post-3441","1":"product","2":"type-product","3":"status-publish","4":"has-post-thumbnail","6":"product_cat-plaquette-de-trait-de-niveau","8":"first","9":"instock","10":"taxable","11":"shipping-taxable","12":"purchasable","13":"product-type-simple"},"_links":{"self":[{"href":"https:\/\/shop.allnav.ch\/fr\/wp-json\/wp\/v2\/product\/3441","targetHints":{"allow":["GET"]}}],"collection":[{"href":"https:\/\/shop.allnav.ch\/fr\/wp-json\/wp\/v2\/product"}],"about":[{"href":"https:\/\/shop.allnav.ch\/fr\/wp-json\/wp\/v2\/types\/product"}],"wp:featuredmedia":[{"embeddable":true,"href":"https:\/\/shop.allnav.ch\/fr\/wp-json\/wp\/v2\/media\/3442"}],"wp:attachment":[{"href":"https:\/\/shop.allnav.ch\/fr\/wp-json\/wp\/v2\/media?parent=3441"}],"wp:term":[{"taxonomy":"product_brand","embeddable":true,"href":"https:\/\/shop.allnav.ch\/fr\/wp-json\/wp\/v2\/product_brand?post=3441"},{"taxonomy":"product_cat","embeddable":true,"href":"https:\/\/shop.allnav.ch\/fr\/wp-json\/wp\/v2\/product_cat?post=3441"},{"taxonomy":"product_tag","embeddable":true,"href":"https:\/\/shop.allnav.ch\/fr\/wp-json\/wp\/v2\/product_tag?post=3441"}],"curies":[{"name":"wp","href":"https:\/\/api.w.org\/{rel}","templated":true}]}}