{"id":3281,"date":"2011-03-17T10:16:38","date_gmt":"2011-03-17T09:16:38","guid":{"rendered":"https:\/\/shop.allnav.ch\/?post_type=product&#038;p=3281"},"modified":"2011-03-21T10:06:07","modified_gmt":"2011-03-21T10:06:07","slug":"mire-invar-ld-avec-code-barres","status":"publish","type":"product","link":"https:\/\/shop.allnav.ch\/fr\/produkt\/accessoires-trimble\/trimble-dini-fr\/mire-invar-ld-avec-code-barres\/","title":{"rendered":"Mire Invar LD avec code barres"},"content":{"rendered":"<p>Mire en aluminium stable pour nivellement de pr\u00e9cision. Avec ruban Invar<br \/>\ninsensible \u00e0 la temp\u00e9rature, suspendu sous un \u00e9quilibreur de charge dans<br \/>\nun cadre en aluminium. Pied de la mire aplani.<\/p>\n","protected":false},"excerpt":{"rendered":"<p>LD 11 \/ LD 11\/b 1 m<\/p>\n","protected":false},"featured_media":3282,"template":"","meta":[],"product_brand":[],"product_cat":[495],"product_tag":[],"class_list":{"0":"post-3281","1":"product","2":"type-product","3":"status-publish","4":"has-post-thumbnail","6":"product_cat-trimble-dini-fr","8":"first","9":"instock","10":"product-type-grouped"},"_links":{"self":[{"href":"https:\/\/shop.allnav.ch\/fr\/wp-json\/wp\/v2\/product\/3281","targetHints":{"allow":["GET"]}}],"collection":[{"href":"https:\/\/shop.allnav.ch\/fr\/wp-json\/wp\/v2\/product"}],"about":[{"href":"https:\/\/shop.allnav.ch\/fr\/wp-json\/wp\/v2\/types\/product"}],"wp:featuredmedia":[{"embeddable":true,"href":"https:\/\/shop.allnav.ch\/fr\/wp-json\/wp\/v2\/media\/3282"}],"wp:attachment":[{"href":"https:\/\/shop.allnav.ch\/fr\/wp-json\/wp\/v2\/media?parent=3281"}],"wp:term":[{"taxonomy":"product_brand","embeddable":true,"href":"https:\/\/shop.allnav.ch\/fr\/wp-json\/wp\/v2\/product_brand?post=3281"},{"taxonomy":"product_cat","embeddable":true,"href":"https:\/\/shop.allnav.ch\/fr\/wp-json\/wp\/v2\/product_cat?post=3281"},{"taxonomy":"product_tag","embeddable":true,"href":"https:\/\/shop.allnav.ch\/fr\/wp-json\/wp\/v2\/product_tag?post=3281"}],"curies":[{"name":"wp","href":"https:\/\/api.w.org\/{rel}","templated":true}]}}