{"id":3213,"date":"2011-03-17T10:16:15","date_gmt":"2011-03-17T10:16:15","guid":{"rendered":"https:\/\/shop.allnav.ch\/?post_type=product&#038;p=3213"},"modified":"2022-11-22T17:49:41","modified_gmt":"2022-11-22T16:49:41","slug":"clou-strie-en-acier","status":"publish","type":"product","link":"https:\/\/shop.allnav.ch\/fr\/produkt\/materiel-de-reperage\/clous\/clou-strie-en-acier\/","title":{"rendered":"Clou stri\u00e9 en acier"},"content":{"rendered":"<p>pour rep\u00e9rage bon march\u00e9<\/p>\n","protected":false},"excerpt":{"rendered":"<p>Dimensions: 4,5 x 50 mm ou 6,0 x 55 mm<\/p>\n<p>250 bouts<\/p>\n","protected":false},"featured_media":3214,"template":"","meta":[],"product_brand":[],"product_cat":[156],"product_tag":[],"class_list":{"0":"post-3213","1":"product","2":"type-product","3":"status-publish","4":"has-post-thumbnail","6":"product_cat-clous","8":"first","9":"instock","10":"product-type-grouped"},"_links":{"self":[{"href":"https:\/\/shop.allnav.ch\/fr\/wp-json\/wp\/v2\/product\/3213","targetHints":{"allow":["GET"]}}],"collection":[{"href":"https:\/\/shop.allnav.ch\/fr\/wp-json\/wp\/v2\/product"}],"about":[{"href":"https:\/\/shop.allnav.ch\/fr\/wp-json\/wp\/v2\/types\/product"}],"wp:featuredmedia":[{"embeddable":true,"href":"https:\/\/shop.allnav.ch\/fr\/wp-json\/wp\/v2\/media\/3214"}],"wp:attachment":[{"href":"https:\/\/shop.allnav.ch\/fr\/wp-json\/wp\/v2\/media?parent=3213"}],"wp:term":[{"taxonomy":"product_brand","embeddable":true,"href":"https:\/\/shop.allnav.ch\/fr\/wp-json\/wp\/v2\/product_brand?post=3213"},{"taxonomy":"product_cat","embeddable":true,"href":"https:\/\/shop.allnav.ch\/fr\/wp-json\/wp\/v2\/product_cat?post=3213"},{"taxonomy":"product_tag","embeddable":true,"href":"https:\/\/shop.allnav.ch\/fr\/wp-json\/wp\/v2\/product_tag?post=3213"}],"curies":[{"name":"wp","href":"https:\/\/api.w.org\/{rel}","templated":true}]}}