{"id":3198,"date":"2011-03-17T10:16:11","date_gmt":"2011-03-17T10:16:11","guid":{"rendered":"https:\/\/shop.allnav.ch\/?post_type=product&#038;p=3198"},"modified":"2026-03-06T17:15:27","modified_gmt":"2026-03-06T16:15:27","slug":"clou-de-reperage-a-tete-extra-large","status":"publish","type":"product","link":"https:\/\/shop.allnav.ch\/fr\/produkt\/materiel-de-reperage\/clous\/clou-de-reperage-a-tete-extra-large\/","title":{"rendered":"Clou de rep\u00e9rage \u00e0 t\u00eate extra large"},"content":{"rendered":"<p>t\u00eate extra large et centrage possible<\/p>\n","protected":false},"excerpt":{"rendered":"<p>\u00d8 T\u00eate: 26 mm<br \/>\n\u00d8 Tige: 8,5 mm<\/p>\n<p>Avec ou sans inscription.<br \/>\nInscription: \u00ab\u00a0MESS-PUNKT\u00a0\u00bb ou \u00ab\u00a0GRENZ-PUNKT\u00a0\u00bb.<br \/>\nLongueur: 55 mm, 75 ou 100 mm<\/p>\n<p>Conditionnement  par  100<\/p>\n","protected":false},"featured_media":3199,"template":"","meta":[],"product_brand":[],"product_cat":[156],"product_tag":[],"class_list":{"0":"post-3198","1":"product","2":"type-product","3":"status-publish","4":"has-post-thumbnail","6":"product_cat-clous","8":"first","9":"instock","10":"product-type-grouped"},"_links":{"self":[{"href":"https:\/\/shop.allnav.ch\/fr\/wp-json\/wp\/v2\/product\/3198","targetHints":{"allow":["GET"]}}],"collection":[{"href":"https:\/\/shop.allnav.ch\/fr\/wp-json\/wp\/v2\/product"}],"about":[{"href":"https:\/\/shop.allnav.ch\/fr\/wp-json\/wp\/v2\/types\/product"}],"wp:featuredmedia":[{"embeddable":true,"href":"https:\/\/shop.allnav.ch\/fr\/wp-json\/wp\/v2\/media\/3199"}],"wp:attachment":[{"href":"https:\/\/shop.allnav.ch\/fr\/wp-json\/wp\/v2\/media?parent=3198"}],"wp:term":[{"taxonomy":"product_brand","embeddable":true,"href":"https:\/\/shop.allnav.ch\/fr\/wp-json\/wp\/v2\/product_brand?post=3198"},{"taxonomy":"product_cat","embeddable":true,"href":"https:\/\/shop.allnav.ch\/fr\/wp-json\/wp\/v2\/product_cat?post=3198"},{"taxonomy":"product_tag","embeddable":true,"href":"https:\/\/shop.allnav.ch\/fr\/wp-json\/wp\/v2\/product_tag?post=3198"}],"curies":[{"name":"wp","href":"https:\/\/api.w.org\/{rel}","templated":true}]}}