{"id":3183,"date":"2011-03-17T10:16:07","date_gmt":"2011-03-17T10:16:07","guid":{"rendered":"https:\/\/shop.allnav.ch\/?post_type=product&#038;p=3183"},"modified":"2026-03-31T14:55:00","modified_gmt":"2026-03-31T12:55:00","slug":"clou-strie-de-reperage","status":"publish","type":"product","link":"https:\/\/shop.allnav.ch\/fr\/produkt\/materiel-de-reperage\/clous\/clou-strie-de-reperage\/","title":{"rendered":"Clou stri\u00e9 de rep\u00e9rage"},"content":{"rendered":"<p>Durci et zingu\u00e9 \u00e0 t\u00eate bomb\u00e9e et centrage possible.<\/p>\n","protected":false},"excerpt":{"rendered":"<p>\u00d8 T\u00eate: 13 mm<br \/>\n\u00d8 Tige: 6,0 mm<\/p>\n<p>100 bouts<\/p>\n","protected":false},"featured_media":3184,"template":"","meta":[],"product_brand":[],"product_cat":[156],"product_tag":[],"class_list":{"0":"post-3183","1":"product","2":"type-product","3":"status-publish","4":"has-post-thumbnail","6":"product_cat-clous","8":"first","9":"instock","10":"product-type-grouped"},"_links":{"self":[{"href":"https:\/\/shop.allnav.ch\/fr\/wp-json\/wp\/v2\/product\/3183","targetHints":{"allow":["GET"]}}],"collection":[{"href":"https:\/\/shop.allnav.ch\/fr\/wp-json\/wp\/v2\/product"}],"about":[{"href":"https:\/\/shop.allnav.ch\/fr\/wp-json\/wp\/v2\/types\/product"}],"wp:featuredmedia":[{"embeddable":true,"href":"https:\/\/shop.allnav.ch\/fr\/wp-json\/wp\/v2\/media\/3184"}],"wp:attachment":[{"href":"https:\/\/shop.allnav.ch\/fr\/wp-json\/wp\/v2\/media?parent=3183"}],"wp:term":[{"taxonomy":"product_brand","embeddable":true,"href":"https:\/\/shop.allnav.ch\/fr\/wp-json\/wp\/v2\/product_brand?post=3183"},{"taxonomy":"product_cat","embeddable":true,"href":"https:\/\/shop.allnav.ch\/fr\/wp-json\/wp\/v2\/product_cat?post=3183"},{"taxonomy":"product_tag","embeddable":true,"href":"https:\/\/shop.allnav.ch\/fr\/wp-json\/wp\/v2\/product_tag?post=3183"}],"curies":[{"name":"wp","href":"https:\/\/api.w.org\/{rel}","templated":true}]}}