{"id":3174,"date":"2011-03-17T10:16:03","date_gmt":"2011-03-17T10:16:03","guid":{"rendered":"https:\/\/shop.allnav.ch\/?post_type=product&#038;p=3174"},"modified":"2026-01-05T11:15:31","modified_gmt":"2026-01-05T10:15:31","slug":"clou-de-reperage-a-tete","status":"publish","type":"product","link":"https:\/\/shop.allnav.ch\/fr\/produkt\/materiel-de-reperage\/clous\/clou-de-reperage-a-tete\/","title":{"rendered":"Clou de rep\u00e9rage \u00e0 t\u00eate"},"content":{"rendered":"<p>semi-circulaire et centrage possible<\/p>\n","protected":false},"excerpt":{"rendered":"<p>\u00d8 T\u00eate: 26 mm<br \/>\n\u00d8 Tige: 8,5 mm<br \/>\nLongueur au choix: 55 mm, 75 mm ou 100 mm.<\/p>\n<p>100 bouts<\/p>\n","protected":false},"featured_media":3175,"template":"","meta":[],"product_brand":[],"product_cat":[156],"product_tag":[],"class_list":{"0":"post-3174","1":"product","2":"type-product","3":"status-publish","4":"has-post-thumbnail","6":"product_cat-clous","8":"first","9":"instock","10":"product-type-grouped"},"_links":{"self":[{"href":"https:\/\/shop.allnav.ch\/fr\/wp-json\/wp\/v2\/product\/3174","targetHints":{"allow":["GET"]}}],"collection":[{"href":"https:\/\/shop.allnav.ch\/fr\/wp-json\/wp\/v2\/product"}],"about":[{"href":"https:\/\/shop.allnav.ch\/fr\/wp-json\/wp\/v2\/types\/product"}],"wp:featuredmedia":[{"embeddable":true,"href":"https:\/\/shop.allnav.ch\/fr\/wp-json\/wp\/v2\/media\/3175"}],"wp:attachment":[{"href":"https:\/\/shop.allnav.ch\/fr\/wp-json\/wp\/v2\/media?parent=3174"}],"wp:term":[{"taxonomy":"product_brand","embeddable":true,"href":"https:\/\/shop.allnav.ch\/fr\/wp-json\/wp\/v2\/product_brand?post=3174"},{"taxonomy":"product_cat","embeddable":true,"href":"https:\/\/shop.allnav.ch\/fr\/wp-json\/wp\/v2\/product_cat?post=3174"},{"taxonomy":"product_tag","embeddable":true,"href":"https:\/\/shop.allnav.ch\/fr\/wp-json\/wp\/v2\/product_tag?post=3174"}],"curies":[{"name":"wp","href":"https:\/\/api.w.org\/{rel}","templated":true}]}}