{"id":3163,"date":"2011-03-17T10:15:59","date_gmt":"2011-03-17T10:15:59","guid":{"rendered":"https:\/\/shop.allnav.ch\/?post_type=product&#038;p=3163"},"modified":"2025-05-22T18:45:37","modified_gmt":"2025-05-22T16:45:37","slug":"repere-en-laiton-avec-inscription-grenzpunkt","status":"publish","type":"product","link":"https:\/\/shop.allnav.ch\/fr\/produkt\/materiel-de-reperage\/clous\/repere-en-laiton-avec-inscription-grenzpunkt\/","title":{"rendered":"Rep\u00e8re en laiton avec inscription, \u00ab\u00a0Grenzpunkt\u00a0\u00bb"},"content":{"rendered":"<p>Rep\u00e8re incassable en alliage de cuivre r\u00e9sistant \u00e0 la corrosion. S\u2019encastre sans probl\u00e8me dans le mortier ou avec cheville en nylon. <\/p>\n","protected":false},"excerpt":{"rendered":"<p>Au choix: avec ou sans centrage e avec ou sans inscription.<br \/>\nInscription:<br \/>\n\u00ab\u00a0VERM.-PUNKT\u00a0\u00bb ou \u00ab\u00a0GRENZ-PUNKT\u00a0\u00bb<\/p>\n<p>\u00d8 T\u00eate 30 mm,<br \/>\n\u00d8 Tige 8 mm,<br \/>\nLongueur: 43 mm<\/p>\n<p>conditionnement  par  100 <\/p>\n","protected":false},"featured_media":3164,"template":"","meta":[],"product_brand":[],"product_cat":[156],"product_tag":[],"class_list":{"0":"post-3163","1":"product","2":"type-product","3":"status-publish","4":"has-post-thumbnail","6":"product_cat-clous","8":"first","9":"instock","10":"product-type-grouped"},"_links":{"self":[{"href":"https:\/\/shop.allnav.ch\/fr\/wp-json\/wp\/v2\/product\/3163","targetHints":{"allow":["GET"]}}],"collection":[{"href":"https:\/\/shop.allnav.ch\/fr\/wp-json\/wp\/v2\/product"}],"about":[{"href":"https:\/\/shop.allnav.ch\/fr\/wp-json\/wp\/v2\/types\/product"}],"wp:featuredmedia":[{"embeddable":true,"href":"https:\/\/shop.allnav.ch\/fr\/wp-json\/wp\/v2\/media\/3164"}],"wp:attachment":[{"href":"https:\/\/shop.allnav.ch\/fr\/wp-json\/wp\/v2\/media?parent=3163"}],"wp:term":[{"taxonomy":"product_brand","embeddable":true,"href":"https:\/\/shop.allnav.ch\/fr\/wp-json\/wp\/v2\/product_brand?post=3163"},{"taxonomy":"product_cat","embeddable":true,"href":"https:\/\/shop.allnav.ch\/fr\/wp-json\/wp\/v2\/product_cat?post=3163"},{"taxonomy":"product_tag","embeddable":true,"href":"https:\/\/shop.allnav.ch\/fr\/wp-json\/wp\/v2\/product_tag?post=3163"}],"curies":[{"name":"wp","href":"https:\/\/api.w.org\/{rel}","templated":true}]}}