{"id":3075,"date":"2011-03-17T10:15:43","date_gmt":"2011-03-17T10:15:43","guid":{"rendered":"https:\/\/shop.allnav.ch\/?post_type=product&#038;p=3075"},"modified":"2011-03-21T10:04:31","modified_gmt":"2011-03-21T10:04:31","slug":"repere-a-sceller-en-fonte","status":"publish","type":"product","link":"https:\/\/shop.allnav.ch\/fr\/produkt\/materiel-de-reperage\/reperes-a-sceller\/encastrement-horizontal\/repere-a-sceller-en-fonte\/","title":{"rendered":"Rep\u00e8re \u00e0 sceller en fonte"},"content":{"rendered":"<p>Rep\u00e8re \u00e0 sceller en fonte moul\u00e9 et galvanis\u00e9 \u00e0 chaud.<\/p>\n","protected":false},"excerpt":{"rendered":"<p>\u00d8 T\u00eate: 50 mm<br \/>\nLongueur: 170 mm<\/p>\n<p>Au choix: Inscription \u00ab\u00a0HP\u00a0\u00bb ou sans Inscription<\/p>\n","protected":false},"featured_media":3076,"template":"","meta":[],"product_brand":[],"product_cat":[170],"product_tag":[],"class_list":{"0":"post-3075","1":"product","2":"type-product","3":"status-publish","4":"has-post-thumbnail","6":"product_cat-encastrement-horizontal","8":"first","9":"instock","10":"product-type-grouped"},"_links":{"self":[{"href":"https:\/\/shop.allnav.ch\/fr\/wp-json\/wp\/v2\/product\/3075","targetHints":{"allow":["GET"]}}],"collection":[{"href":"https:\/\/shop.allnav.ch\/fr\/wp-json\/wp\/v2\/product"}],"about":[{"href":"https:\/\/shop.allnav.ch\/fr\/wp-json\/wp\/v2\/types\/product"}],"wp:featuredmedia":[{"embeddable":true,"href":"https:\/\/shop.allnav.ch\/fr\/wp-json\/wp\/v2\/media\/3076"}],"wp:attachment":[{"href":"https:\/\/shop.allnav.ch\/fr\/wp-json\/wp\/v2\/media?parent=3075"}],"wp:term":[{"taxonomy":"product_brand","embeddable":true,"href":"https:\/\/shop.allnav.ch\/fr\/wp-json\/wp\/v2\/product_brand?post=3075"},{"taxonomy":"product_cat","embeddable":true,"href":"https:\/\/shop.allnav.ch\/fr\/wp-json\/wp\/v2\/product_cat?post=3075"},{"taxonomy":"product_tag","embeddable":true,"href":"https:\/\/shop.allnav.ch\/fr\/wp-json\/wp\/v2\/product_tag?post=3075"}],"curies":[{"name":"wp","href":"https:\/\/api.w.org\/{rel}","templated":true}]}}