{"id":3058,"date":"2011-03-17T10:15:34","date_gmt":"2011-03-17T10:15:34","guid":{"rendered":"https:\/\/shop.allnav.ch\/?post_type=product&#038;p=3058"},"modified":"2014-11-28T12:53:03","modified_gmt":"2014-11-28T12:53:03","slug":"cheville-a-expansion-m8-avec-douille-en-plastique-40-mm","status":"publish","type":"product","link":"https:\/\/shop.allnav.ch\/fr\/produkt\/accessoires-speciaux\/voies-ferrees\/reperes-de-voies-ferrees\/reperes-de-mat\/cheville-a-expansion-m8-avec-douille-en-plastique-40-mm\/","title":{"rendered":"Cheville \u00e0 expansion M8, avec douille en plastique, 40 mm"},"content":{"rendered":"<p>Pour le rep\u00e9rage dans le b\u00e9ton et mur ma\u00e7onn\u00e9. Expansion avec vis sans t\u00eate en acier.<br \/>\nPlastique avec insert de laiton inject\u00e9 ou simple cheville en laiton. Vis d\u2019expansion incluse.<\/p>\n","protected":false},"excerpt":{"rendered":"<p>Longueur: 40 mm<\/p>\n<p>Au choix avec douille en plastique (1 416 000) ou seulement cheville en laiton (1 416 001)<\/p>\n<p>Conditionnement par 100<\/p>\n","protected":false},"featured_media":3059,"template":"","meta":[],"product_brand":[],"product_cat":[256,278,162],"product_tag":[],"class_list":{"0":"post-3058","1":"product","2":"type-product","3":"status-publish","4":"has-post-thumbnail","6":"product_cat-ancrage-mural","7":"product_cat-reperes-de-mat","8":"product_cat-reperes-muraux","10":"first","11":"instock","12":"product-type-grouped"},"_links":{"self":[{"href":"https:\/\/shop.allnav.ch\/fr\/wp-json\/wp\/v2\/product\/3058","targetHints":{"allow":["GET"]}}],"collection":[{"href":"https:\/\/shop.allnav.ch\/fr\/wp-json\/wp\/v2\/product"}],"about":[{"href":"https:\/\/shop.allnav.ch\/fr\/wp-json\/wp\/v2\/types\/product"}],"wp:featuredmedia":[{"embeddable":true,"href":"https:\/\/shop.allnav.ch\/fr\/wp-json\/wp\/v2\/media\/3059"}],"wp:attachment":[{"href":"https:\/\/shop.allnav.ch\/fr\/wp-json\/wp\/v2\/media?parent=3058"}],"wp:term":[{"taxonomy":"product_brand","embeddable":true,"href":"https:\/\/shop.allnav.ch\/fr\/wp-json\/wp\/v2\/product_brand?post=3058"},{"taxonomy":"product_cat","embeddable":true,"href":"https:\/\/shop.allnav.ch\/fr\/wp-json\/wp\/v2\/product_cat?post=3058"},{"taxonomy":"product_tag","embeddable":true,"href":"https:\/\/shop.allnav.ch\/fr\/wp-json\/wp\/v2\/product_tag?post=3058"}],"curies":[{"name":"wp","href":"https:\/\/api.w.org\/{rel}","templated":true}]}}