{"id":3013,"date":"2011-03-17T10:15:13","date_gmt":"2011-03-17T10:15:13","guid":{"rendered":"https:\/\/shop.allnav.ch\/?post_type=product&#038;p=3013"},"modified":"2025-05-22T18:45:38","modified_gmt":"2025-05-22T16:45:38","slug":"plaquette-de-mesure-avec-cible-reflechissante-et-trait-de-niveau","status":"publish","type":"product","link":"https:\/\/shop.allnav.ch\/fr\/produkt\/materiel-de-reperage\/plaquette-de-trait-de-niveau\/plaquette-de-mesure-avec-cible-reflechissante-et-trait-de-niveau\/","title":{"rendered":"Plaquette de mesure, avec cible r\u00e9fl\u00e9chissante et trait de niveau"},"content":{"rendered":"<p>Plaquette de mesure avec cible r\u00e9fl\u00e9chissante et trait de niveau. <\/p>\n","protected":false},"excerpt":{"rendered":"<p>De l\u2019implantation jusqu\u2019\u00e0 la finition des b\u00e2timents. Avec champ d\u2019inscription.<\/p>\n<p>Au choix: standard ou autocollante.<\/p>\n","protected":false},"featured_media":3014,"template":"","meta":[],"product_brand":[],"product_cat":[168],"product_tag":[],"class_list":{"0":"post-3013","1":"product","2":"type-product","3":"status-publish","4":"has-post-thumbnail","6":"product_cat-plaquette-de-trait-de-niveau","8":"first","9":"instock","10":"product-type-grouped"},"_links":{"self":[{"href":"https:\/\/shop.allnav.ch\/fr\/wp-json\/wp\/v2\/product\/3013","targetHints":{"allow":["GET"]}}],"collection":[{"href":"https:\/\/shop.allnav.ch\/fr\/wp-json\/wp\/v2\/product"}],"about":[{"href":"https:\/\/shop.allnav.ch\/fr\/wp-json\/wp\/v2\/types\/product"}],"wp:featuredmedia":[{"embeddable":true,"href":"https:\/\/shop.allnav.ch\/fr\/wp-json\/wp\/v2\/media\/3014"}],"wp:attachment":[{"href":"https:\/\/shop.allnav.ch\/fr\/wp-json\/wp\/v2\/media?parent=3013"}],"wp:term":[{"taxonomy":"product_brand","embeddable":true,"href":"https:\/\/shop.allnav.ch\/fr\/wp-json\/wp\/v2\/product_brand?post=3013"},{"taxonomy":"product_cat","embeddable":true,"href":"https:\/\/shop.allnav.ch\/fr\/wp-json\/wp\/v2\/product_cat?post=3013"},{"taxonomy":"product_tag","embeddable":true,"href":"https:\/\/shop.allnav.ch\/fr\/wp-json\/wp\/v2\/product_tag?post=3013"}],"curies":[{"name":"wp","href":"https:\/\/api.w.org\/{rel}","templated":true}]}}