{"id":3001,"date":"2011-03-17T10:15:09","date_gmt":"2011-03-17T10:15:09","guid":{"rendered":"https:\/\/shop.allnav.ch\/?post_type=product&#038;p=3001"},"modified":"2025-02-12T16:06:06","modified_gmt":"2025-02-12T15:06:06","slug":"spray-de-marquage-farber-d-stockage","status":"publish","type":"product","link":"https:\/\/shop.allnav.ch\/fr\/produkt\/materiel-de-signalisation-et-de-marquage\/spray-de-marquage\/spray-de-marquage-farber-d-stockage\/","title":{"rendered":"Spray de marquage F\u00e4rber &#8211; D\u00c9STOCKAGE"},"content":{"rendered":"<p>Avec une valve sp\u00e9ciale pour la construction et le mesurage. Pour chaque type de sol.<br \/>\nAdh\u00e8re de fa\u00e7on durable m\u00eame sur les surfaces humides. La bo\u00eete se vide totalement.<br \/>\nLe capuchon de s\u00e9curit\u00e9 permet de le transporter dans les poches de vestes et de pantalons. <\/p>\n","protected":false},"excerpt":{"rendered":"<p>Avec t&ecirc;te de pulv&eacute;risation horizontale pour le marquage des murs, arbres. Rouge et jaune fluorescents disponibles pour marquage dans les tunnels.<\/p>\n<address>Contenue de la livraison: <\/address>\n<address>Avec diffuseur normal: 12 pi&egrave;ces \/carton. <\/address>\n<address> Avec diffuseur horizontal: 6 pi&egrave;ces \/carton.<\/address>\n<address><\/address>\n<address><span style=\"background-color: #ffff00;\">Profitez des prix extraordinaires &agrave; cause du d&eacute;stockage! Livrable jusqu&rsquo;&agrave; &eacute;puisement du stock.<\/span><\/address>\n<address><span style=\"background-color: #ffff00;\">L&rsquo;article de remplacement: Soppec Fluo TP (<span style=\"text-decoration: underline;\"><a href=\"http:\/\/shop-ch-f.allnav.com\/soppec-fluo-tp-markierspray\" target=\"_self\">Lien<\/a>)<\/span><\/span><\/address>\n","protected":false},"featured_media":3002,"template":"","meta":[],"product_brand":[],"product_cat":[444,178],"product_tag":[],"class_list":{"0":"post-3001","1":"product","2":"type-product","3":"status-publish","4":"has-post-thumbnail","6":"product_cat-promotions","7":"product_cat-spray-de-marquage","9":"first","10":"instock","11":"product-type-grouped"},"_links":{"self":[{"href":"https:\/\/shop.allnav.ch\/fr\/wp-json\/wp\/v2\/product\/3001","targetHints":{"allow":["GET"]}}],"collection":[{"href":"https:\/\/shop.allnav.ch\/fr\/wp-json\/wp\/v2\/product"}],"about":[{"href":"https:\/\/shop.allnav.ch\/fr\/wp-json\/wp\/v2\/types\/product"}],"wp:featuredmedia":[{"embeddable":true,"href":"https:\/\/shop.allnav.ch\/fr\/wp-json\/wp\/v2\/media\/3002"}],"wp:attachment":[{"href":"https:\/\/shop.allnav.ch\/fr\/wp-json\/wp\/v2\/media?parent=3001"}],"wp:term":[{"taxonomy":"product_brand","embeddable":true,"href":"https:\/\/shop.allnav.ch\/fr\/wp-json\/wp\/v2\/product_brand?post=3001"},{"taxonomy":"product_cat","embeddable":true,"href":"https:\/\/shop.allnav.ch\/fr\/wp-json\/wp\/v2\/product_cat?post=3001"},{"taxonomy":"product_tag","embeddable":true,"href":"https:\/\/shop.allnav.ch\/fr\/wp-json\/wp\/v2\/product_tag?post=3001"}],"curies":[{"name":"wp","href":"https:\/\/api.w.org\/{rel}","templated":true}]}}