{"id":2929,"date":"2011-03-17T10:14:54","date_gmt":"2011-03-17T10:14:54","guid":{"rendered":"https:\/\/shop.allnav.ch\/?post_type=product&#038;p=2929"},"modified":"2025-05-16T10:16:46","modified_gmt":"2025-05-16T08:16:46","slug":"panneau-de-danger","status":"publish","type":"product","link":"https:\/\/shop.allnav.ch\/fr\/produkt\/materiel-de-signalisation-et-de-marquage\/signalisation-de-securite\/panneau-de-danger\/","title":{"rendered":"Panneau de danger"},"content":{"rendered":"<p>Armature en aluminium avec colonne centrale et toile synth\u00e9tique enduite de PVC en 2 tailles ou armature en m\u00e9tal galvanis\u00e9 avec panneau r\u00e9fl\u00e9chissant en aluminium, pliable. Fond blanc phosphorescent et couleur rouge fluorescente.<\/p>\n","protected":false},"excerpt":{"rendered":"<p>Inscription : \u201eVermessung\u201c.<br \/>\nDisponible en 2 amplitudes.<\/p>\n","protected":false},"featured_media":2930,"template":"","meta":[],"product_brand":[],"product_cat":[174],"product_tag":[],"class_list":{"0":"post-2929","1":"product","2":"type-product","3":"status-publish","4":"has-post-thumbnail","6":"product_cat-signalisation-de-securite","8":"first","9":"instock","10":"sale","11":"product-type-grouped"},"_links":{"self":[{"href":"https:\/\/shop.allnav.ch\/fr\/wp-json\/wp\/v2\/product\/2929","targetHints":{"allow":["GET"]}}],"collection":[{"href":"https:\/\/shop.allnav.ch\/fr\/wp-json\/wp\/v2\/product"}],"about":[{"href":"https:\/\/shop.allnav.ch\/fr\/wp-json\/wp\/v2\/types\/product"}],"wp:featuredmedia":[{"embeddable":true,"href":"https:\/\/shop.allnav.ch\/fr\/wp-json\/wp\/v2\/media\/2930"}],"wp:attachment":[{"href":"https:\/\/shop.allnav.ch\/fr\/wp-json\/wp\/v2\/media?parent=2929"}],"wp:term":[{"taxonomy":"product_brand","embeddable":true,"href":"https:\/\/shop.allnav.ch\/fr\/wp-json\/wp\/v2\/product_brand?post=2929"},{"taxonomy":"product_cat","embeddable":true,"href":"https:\/\/shop.allnav.ch\/fr\/wp-json\/wp\/v2\/product_cat?post=2929"},{"taxonomy":"product_tag","embeddable":true,"href":"https:\/\/shop.allnav.ch\/fr\/wp-json\/wp\/v2\/product_tag?post=2929"}],"curies":[{"name":"wp","href":"https:\/\/api.w.org\/{rel}","templated":true}]}}