{"id":2601,"date":"2011-03-17T10:12:35","date_gmt":"2011-03-17T10:12:35","guid":{"rendered":"https:\/\/shop.allnav.ch\/?post_type=product&#038;p=2601"},"modified":"2025-03-03T10:31:34","modified_gmt":"2025-03-03T09:31:34","slug":"support-d-antennes-fixe","status":"publish","type":"product","link":"https:\/\/shop.allnav.ch\/fr\/produkt\/accessoires-pour-station-totale-et-gnss\/adaptateurs\/support-d-antennes-fixe\/","title":{"rendered":"Support d\u2019antennes, fixe"},"content":{"rendered":"<p>Pour syst\u00e8me \u00e0 centrage forc\u00e9 Wild, avec filetage 5\/8\u201c.<\/p>\n","protected":false},"excerpt":{"rendered":"<p>Pour syst\u00e8me \u00e0 centrage forc\u00e9 Wild, avec filetage 5\/8\u201c.<\/p>\n","protected":false},"featured_media":2602,"template":"","meta":[],"product_brand":[],"product_cat":[224,220],"product_tag":[],"class_list":{"0":"post-2601","1":"product","2":"type-product","3":"status-publish","4":"has-post-thumbnail","6":"product_cat-adaptateurs","7":"product_cat-supports-de-prisme","9":"first","10":"instock","11":"product-type-grouped"},"_links":{"self":[{"href":"https:\/\/shop.allnav.ch\/fr\/wp-json\/wp\/v2\/product\/2601","targetHints":{"allow":["GET"]}}],"collection":[{"href":"https:\/\/shop.allnav.ch\/fr\/wp-json\/wp\/v2\/product"}],"about":[{"href":"https:\/\/shop.allnav.ch\/fr\/wp-json\/wp\/v2\/types\/product"}],"wp:featuredmedia":[{"embeddable":true,"href":"https:\/\/shop.allnav.ch\/fr\/wp-json\/wp\/v2\/media\/2602"}],"wp:attachment":[{"href":"https:\/\/shop.allnav.ch\/fr\/wp-json\/wp\/v2\/media?parent=2601"}],"wp:term":[{"taxonomy":"product_brand","embeddable":true,"href":"https:\/\/shop.allnav.ch\/fr\/wp-json\/wp\/v2\/product_brand?post=2601"},{"taxonomy":"product_cat","embeddable":true,"href":"https:\/\/shop.allnav.ch\/fr\/wp-json\/wp\/v2\/product_cat?post=2601"},{"taxonomy":"product_tag","embeddable":true,"href":"https:\/\/shop.allnav.ch\/fr\/wp-json\/wp\/v2\/product_tag?post=2601"}],"curies":[{"name":"wp","href":"https:\/\/api.w.org\/{rel}","templated":true}]}}