{"id":2496,"date":"2011-03-17T10:11:26","date_gmt":"2011-03-17T10:11:26","guid":{"rendered":"https:\/\/shop.allnav.ch\/?post_type=product&#038;p=2496"},"modified":"2025-09-29T16:15:32","modified_gmt":"2025-09-29T14:15:32","slug":"mini-canne","status":"publish","type":"product","link":"https:\/\/shop.allnav.ch\/fr\/produkt\/accessoires-pour-station-totale-et-gnss\/outils-de-saisie-et-dimplantation\/mini-canne\/","title":{"rendered":"Mini-canne"},"content":{"rendered":"<p>Pour tous les syst\u00e8mes de prisme courant:<br \/>\n&#8211; Filetage 5\/8&Prime;, hauteur 60 mm<br \/>\n&#8211; Syst\u00e8me de fixation Wild, hauteur 60 mm<br \/>\n&#8211; Syst\u00e8me de fixation 10 mm, hauteur 60 mm<\/p>\n","protected":false},"excerpt":{"rendered":"<p>Mini-canne avec nivelle sph\u00e9rique int\u00e9gr\u00e9e pour un maintien vertical.<\/p>\n","protected":false},"featured_media":2497,"template":"","meta":[],"product_brand":[],"product_cat":[228],"product_tag":[],"class_list":{"0":"post-2496","1":"product","2":"type-product","3":"status-publish","4":"has-post-thumbnail","6":"product_cat-outils-de-saisie-et-dimplantation","8":"first","9":"instock","10":"product-type-grouped"},"_links":{"self":[{"href":"https:\/\/shop.allnav.ch\/fr\/wp-json\/wp\/v2\/product\/2496","targetHints":{"allow":["GET"]}}],"collection":[{"href":"https:\/\/shop.allnav.ch\/fr\/wp-json\/wp\/v2\/product"}],"about":[{"href":"https:\/\/shop.allnav.ch\/fr\/wp-json\/wp\/v2\/types\/product"}],"wp:featuredmedia":[{"embeddable":true,"href":"https:\/\/shop.allnav.ch\/fr\/wp-json\/wp\/v2\/media\/2497"}],"wp:attachment":[{"href":"https:\/\/shop.allnav.ch\/fr\/wp-json\/wp\/v2\/media?parent=2496"}],"wp:term":[{"taxonomy":"product_brand","embeddable":true,"href":"https:\/\/shop.allnav.ch\/fr\/wp-json\/wp\/v2\/product_brand?post=2496"},{"taxonomy":"product_cat","embeddable":true,"href":"https:\/\/shop.allnav.ch\/fr\/wp-json\/wp\/v2\/product_cat?post=2496"},{"taxonomy":"product_tag","embeddable":true,"href":"https:\/\/shop.allnav.ch\/fr\/wp-json\/wp\/v2\/product_tag?post=2496"}],"curies":[{"name":"wp","href":"https:\/\/api.w.org\/{rel}","templated":true}]}}